
{"id":11922,"date":"2024-11-09T21:19:47","date_gmt":"2024-11-10T00:19:47","guid":{"rendered":"https:\/\/www.dinamonetworks.com\/pagina-de-pedido\/"},"modified":"2025-02-25T10:24:40","modified_gmt":"2025-02-25T13:24:40","slug":"pagina-de-pedido","status":"publish","type":"page","link":"https:\/\/dinamonetworks.com\/es\/pagina-de-pedido\/","title":{"rendered":"P\u00e1gina de pedido"},"content":{"rendered":"\t\t<div data-elementor-type=\"wp-page\" data-elementor-id=\"11922\" class=\"elementor elementor-11922 elementor-4772\" data-elementor-post-type=\"page\">\n\t\t\t\t<div class=\"elementor-element elementor-element-a668b2a e-flex e-con-boxed e-con e-parent\" data-id=\"a668b2a\" data-element_type=\"container\" data-settings=\"{&quot;background_background&quot;:&quot;classic&quot;}\">\n\t\t\t\t\t<div class=\"e-con-inner\">\n\t\t<div class=\"elementor-element elementor-element-f8deb82 e-con-full e-flex e-con e-child\" data-id=\"f8deb82\" data-element_type=\"container\">\n\t\t\t\t<div class=\"elementor-element elementor-element-64bba48 elementor-widget__width-initial elementor-widget elementor-widget-image-box\" data-id=\"64bba48\" data-element_type=\"widget\" data-widget_type=\"image-box.default\">\n\t\t\t\t\t<div class=\"elementor-image-box-wrapper\"><div class=\"elementor-image-box-content\"><h3 class=\"elementor-image-box-title\">Tus pedidos<\/h3><\/div><\/div>\t\t\t\t<\/div>\n\t\t\t\t<\/div>\n\t\t\t\t\t<\/div>\n\t\t\t\t<\/div>\n\t\t<div class=\"elementor-element elementor-element-3ddff73 e-flex e-con-boxed e-con e-parent\" data-id=\"3ddff73\" data-element_type=\"container\">\n\t\t\t\t\t<div class=\"e-con-inner\">\n\t\t\t\t<div class=\"elementor-element elementor-element-e601ac2 e-my-account-tabs-horizontal elementor-widget elementor-widget-woocommerce-my-account\" data-id=\"e601ac2\" data-element_type=\"widget\" data-settings=\"{&quot;customize_dashboard_check&quot;:&quot;yes&quot;}\" data-widget_type=\"woocommerce-my-account.default\">\n\t\t\t\t\t<div class=\"e-my-account-tab e-my-account-tab__ \">\t\t\t<div class=\"woocommerce\"><div class=\"woocommerce-notices-wrapper\"><\/div>\n\n\t\t<h2>Acceder<\/h2>\n\n\t\t<form class=\"woocommerce-form woocommerce-form-login login\" method=\"post\" novalidate>\n\n\t\t\t\n\t\t\t<p class=\"woocommerce-form-row woocommerce-form-row--wide form-row form-row-wide\">\n\t\t\t\t<label for=\"username\">Nombre de usuario o correo electr\u00f3nico&nbsp;<span class=\"required\" aria-hidden=\"true\">*<\/span><span class=\"screen-reader-text\">Obligatorio<\/span><\/label>\n\t\t\t\t<input type=\"text\" class=\"woocommerce-Input woocommerce-Input--text input-text\" name=\"username\" id=\"username\" autocomplete=\"username\" value=\"\" required aria-required=\"true\" \/>\t\t\t<\/p>\n\t\t\t<p class=\"woocommerce-form-row woocommerce-form-row--wide form-row form-row-wide\">\n\t\t\t\t<label for=\"password\">Contrase\u00f1a&nbsp;<span class=\"required\" aria-hidden=\"true\">*<\/span><span class=\"screen-reader-text\">Obligatorio<\/span><\/label>\n\t\t\t\t<input class=\"woocommerce-Input woocommerce-Input--text input-text\" type=\"password\" name=\"password\" id=\"password\" autocomplete=\"current-password\" required aria-required=\"true\" \/>\n\t\t\t<\/p>\n\n\t\t\t\n\t\t\t<p class=\"form-row\">\n\t\t\t\t<label class=\"woocommerce-form__label woocommerce-form__label-for-checkbox woocommerce-form-login__rememberme\">\n\t\t\t\t\t<input class=\"woocommerce-form__input woocommerce-form__input-checkbox\" name=\"rememberme\" type=\"checkbox\" id=\"rememberme\" value=\"forever\" \/> <span>Recu\u00e9rdame<\/span>\n\t\t\t\t<\/label>\n\t\t\t\t<input type=\"hidden\" id=\"woocommerce-login-nonce\" name=\"woocommerce-login-nonce\" value=\"5b5176cb95\" \/><input type=\"hidden\" name=\"_wp_http_referer\" value=\"\/es\/wp-json\/wp\/v2\/pages\/11922\" \/>\t\t\t\t<button type=\"submit\" class=\"woocommerce-button button woocommerce-form-login__submit\" name=\"login\" value=\"Acceso\">Acceso<\/button>\n\t\t\t<\/p>\n\t\t\t<p class=\"woocommerce-LostPassword lost_password\">\n\t\t\t\t<a href=\"https:\/\/dinamonetworks.com\/es\/pagina-de-pedido\/lost-password\/\">\u00bfOlvidaste la contrase\u00f1a?<\/a>\n\t\t\t<\/p>\n\n\t\t\t\n\t\t<\/form>\n\n\n<\/div>\t\t<\/div>\n\t\t\t\t\t\t<\/div>\n\t\t\t\t\t<\/div>\n\t\t\t\t<\/div>\n\t\t\t\t<\/div>\n\t\t","protected":false},"excerpt":{"rendered":"<p>Tus pedidos Panel \u00d3rdenes Subscriptions Descargas DIRECCI\u00d3N Detalles de la cuenta para salir Panel \u00d3rdenes Subscriptions Descargas DIRECCI\u00d3N Detalles de la cuenta para salir Ol\u00e1, webdev (n\u00e3o \u00e9 webdev? Sair) A partir do painel de controle de sua conta, voc\u00ea pode ver suas compras recentes, gerenciar seus endere\u00e7os de entrega e cobran\u00e7a, e editar sua [&hellip;]<\/p>\n","protected":false},"author":1,"featured_media":0,"parent":0,"menu_order":0,"comment_status":"closed","ping_status":"closed","template":"","meta":{"footnotes":""},"class_list":["post-11922","page","type-page","status-publish","hentry"],"yoast_head":"<!-- This site is optimized with the Yoast SEO Premium plugin v24.5 (Yoast SEO v25.9) - https:\/\/yoast.com\/wordpress\/plugins\/seo\/ -->\n<title>P\u00e1gina de pedido - DINAMO Networks - Seguran\u00e7a Digital<\/title>\n<meta name=\"robots\" content=\"index, follow, max-snippet:-1, max-image-preview:large, max-video-preview:-1\" \/>\n<link rel=\"canonical\" href=\"https:\/\/dinamonetworks.com\/es\/pagina-de-pedido\/\" \/>\n<meta property=\"og:locale\" content=\"es_ES\" \/>\n<meta property=\"og:type\" content=\"article\" \/>\n<meta property=\"og:title\" content=\"P\u00e1gina de pedido\" \/>\n<meta property=\"og:description\" content=\"Tus pedidos Panel \u00d3rdenes Subscriptions Descargas DIRECCI\u00d3N Detalles de la cuenta para salir Panel \u00d3rdenes Subscriptions Descargas DIRECCI\u00d3N Detalles de la cuenta para salir Ol\u00e1, webdev (n\u00e3o \u00e9 webdev? Sair) A partir do painel de controle de sua conta, voc\u00ea pode ver suas compras recentes, gerenciar seus endere\u00e7os de entrega e cobran\u00e7a, e editar sua [&hellip;]\" \/>\n<meta property=\"og:url\" content=\"https:\/\/dinamonetworks.com\/es\/pagina-de-pedido\/\" \/>\n<meta property=\"og:site_name\" content=\"DINAMO Networks - Seguran\u00e7a Digital\" \/>\n<meta property=\"article:publisher\" content=\"https:\/\/www.facebook.com\/dinamonetworks\/\" \/>\n<meta property=\"article:modified_time\" content=\"2025-02-25T13:24:40+00:00\" \/>\n<meta property=\"og:image\" content=\"https:\/\/i0.wp.com\/dinamonetworks.com\/wp-content\/uploads\/2025\/02\/DINAMO-Networks-Site-Image.jpg?fit=1200%2C675&ssl=1\" \/>\n\t<meta property=\"og:image:width\" content=\"1200\" \/>\n\t<meta property=\"og:image:height\" content=\"675\" \/>\n\t<meta property=\"og:image:type\" content=\"image\/jpeg\" \/>\n<meta name=\"twitter:card\" content=\"summary_large_image\" \/>\n<script type=\"application\/ld+json\" class=\"yoast-schema-graph\">{\"@context\":\"https:\/\/schema.org\",\"@graph\":[{\"@type\":\"WebPage\",\"@id\":\"https:\/\/dinamonetworks.com\/es\/pagina-de-pedido\/\",\"url\":\"https:\/\/dinamonetworks.com\/es\/pagina-de-pedido\/\",\"name\":\"P\u00e1gina de pedido - DINAMO Networks - Seguran\u00e7a Digital\",\"isPartOf\":{\"@id\":\"https:\/\/www.dinamonetworks.com\/es\/#website\"},\"datePublished\":\"2024-11-10T00:19:47+00:00\",\"dateModified\":\"2025-02-25T13:24:40+00:00\",\"breadcrumb\":{\"@id\":\"https:\/\/dinamonetworks.com\/es\/pagina-de-pedido\/#breadcrumb\"},\"inLanguage\":\"es\",\"potentialAction\":[{\"@type\":\"ReadAction\",\"target\":[\"https:\/\/dinamonetworks.com\/es\/pagina-de-pedido\/\"]}]},{\"@type\":\"BreadcrumbList\",\"@id\":\"https:\/\/dinamonetworks.com\/es\/pagina-de-pedido\/#breadcrumb\",\"itemListElement\":[{\"@type\":\"ListItem\",\"position\":1,\"name\":\"Home\",\"item\":\"https:\/\/dinamonetworks.com\/es\/\"},{\"@type\":\"ListItem\",\"position\":2,\"name\":\"P\u00e1gina de pedido\"}]},{\"@type\":\"WebSite\",\"@id\":\"https:\/\/www.dinamonetworks.com\/es\/#website\",\"url\":\"https:\/\/www.dinamonetworks.com\/es\/\",\"name\":\"DINAMO Networks - O mundo mais seguro\",\"description\":\"O mundo mais seguro.\",\"publisher\":{\"@id\":\"https:\/\/www.dinamonetworks.com\/es\/#organization\"},\"potentialAction\":[{\"@type\":\"SearchAction\",\"target\":{\"@type\":\"EntryPoint\",\"urlTemplate\":\"https:\/\/www.dinamonetworks.com\/es\/?s={search_term_string}\"},\"query-input\":{\"@type\":\"PropertyValueSpecification\",\"valueRequired\":true,\"valueName\":\"search_term_string\"}}],\"inLanguage\":\"es\"},{\"@type\":[\"Organization\",\"Place\"],\"@id\":\"https:\/\/www.dinamonetworks.com\/es\/#organization\",\"name\":\"DINAMO Networks\",\"alternateName\":\"DINAMO Networks\",\"url\":\"https:\/\/www.dinamonetworks.com\/es\/\",\"logo\":{\"@id\":\"https:\/\/dinamonetworks.com\/es\/pagina-de-pedido\/#local-main-organization-logo\"},\"image\":{\"@id\":\"https:\/\/dinamonetworks.com\/es\/pagina-de-pedido\/#local-main-organization-logo\"},\"sameAs\":[\"https:\/\/www.facebook.com\/dinamonetworks\/\",\"https:\/\/www.instagram.com\/dinamonetworks\/\",\"https:\/\/www.linkedin.com\/company\/dinamo-networks\/\"],\"description\":\"A DINAMO Networks \u00e9 l\u00edder em seguran\u00e7a de identidade digital e criptografia no Brasil, oferecendo solu\u00e7\u00f5es inovadoras e personalizadas para prote\u00e7\u00e3o de dados e transa\u00e7\u00f5es seguras. Nossos HSMs (Hardware Security Modules) e a plataforma DINAMO SuperCloud garantem a conformidade com as mais rigorosas normas de seguran\u00e7a, como LGPD e padr\u00f5es internacionais. Confie na DINAMO Networks para proteger o seu neg\u00f3cio contra amea\u00e7as cibern\u00e9ticas.\",\"legalName\":\"DINAMO Networks\",\"foundingDate\":\"2013-01-16\",\"numberOfEmployees\":{\"@type\":\"QuantitativeValue\",\"minValue\":\"11\",\"maxValue\":\"50\"},\"address\":{\"@id\":\"https:\/\/dinamonetworks.com\/es\/pagina-de-pedido\/#local-main-place-address\"},\"geo\":{\"@type\":\"GeoCoordinates\",\"latitude\":\"-23.623953491126013\",\"longitude\":\"-46.70325718650917\"},\"telephone\":[\"(11) 3304-3120\"],\"contactPoint\":{\"@type\":\"ContactPoint\",\"telephone\":\"(11) 3304-3120\",\"email\":\"contato@dinamonetworks.com\"},\"openingHoursSpecification\":[],\"email\":\"contato@dinamonetworks.com\",\"vatID\":\"17.423.726\/0001-30\"},{\"@type\":\"PostalAddress\",\"@id\":\"https:\/\/dinamonetworks.com\/es\/pagina-de-pedido\/#local-main-place-address\",\"streetAddress\":\"Av. das Na\u00e7\u00f5es Unidas, 14401 - 7\u00ba andar, Ch\u00e1cara Santo Ant\u00f4nio (Zona Sul)\",\"addressLocality\":\"S\u00e3o Paulo\",\"postalCode\":\"04730-090\",\"addressRegion\":\"SP\",\"addressCountry\":\"BR\"},{\"@type\":\"ImageObject\",\"inLanguage\":\"es\",\"@id\":\"https:\/\/dinamonetworks.com\/es\/pagina-de-pedido\/#local-main-organization-logo\",\"url\":\"https:\/\/i0.wp.com\/dinamonetworks.com\/wp-content\/uploads\/2025\/02\/cropped-Dinamo-Networks-Logo-site.png?fit=342%2C95&ssl=1\",\"contentUrl\":\"https:\/\/i0.wp.com\/dinamonetworks.com\/wp-content\/uploads\/2025\/02\/cropped-Dinamo-Networks-Logo-site.png?fit=342%2C95&ssl=1\",\"width\":342,\"height\":95,\"caption\":\"DINAMO Networks\"}]}<\/script>\n<meta name=\"geo.placename\" content=\"S\u00e3o Paulo\" \/>\n<meta name=\"geo.position\" content=\"-23.623953491126013;-46.70325718650917\" \/>\n<meta name=\"geo.region\" content=\"Brasil\" \/>\n<!-- \/ Yoast SEO Premium plugin. -->","yoast_head_json":{"title":"P\u00e1gina de pedido - DINAMO Networks - Seguran\u00e7a Digital","robots":{"index":"index","follow":"follow","max-snippet":"max-snippet:-1","max-image-preview":"max-image-preview:large","max-video-preview":"max-video-preview:-1"},"canonical":"https:\/\/dinamonetworks.com\/es\/pagina-de-pedido\/","og_locale":"es_ES","og_type":"article","og_title":"P\u00e1gina de pedido","og_description":"Tus pedidos Panel \u00d3rdenes Subscriptions Descargas DIRECCI\u00d3N Detalles de la cuenta para salir Panel \u00d3rdenes Subscriptions Descargas DIRECCI\u00d3N Detalles de la cuenta para salir Ol\u00e1, webdev (n\u00e3o \u00e9 webdev? Sair) A partir do painel de controle de sua conta, voc\u00ea pode ver suas compras recentes, gerenciar seus endere\u00e7os de entrega e cobran\u00e7a, e editar sua [&hellip;]","og_url":"https:\/\/dinamonetworks.com\/es\/pagina-de-pedido\/","og_site_name":"DINAMO Networks - Seguran\u00e7a Digital","article_publisher":"https:\/\/www.facebook.com\/dinamonetworks\/","article_modified_time":"2025-02-25T13:24:40+00:00","og_image":[{"width":1200,"height":675,"url":"https:\/\/i0.wp.com\/dinamonetworks.com\/wp-content\/uploads\/2025\/02\/DINAMO-Networks-Site-Image.jpg?fit=1200%2C675&ssl=1","type":"image\/jpeg"}],"twitter_card":"summary_large_image","schema":{"@context":"https:\/\/schema.org","@graph":[{"@type":"WebPage","@id":"https:\/\/dinamonetworks.com\/es\/pagina-de-pedido\/","url":"https:\/\/dinamonetworks.com\/es\/pagina-de-pedido\/","name":"P\u00e1gina de pedido - DINAMO Networks - Seguran\u00e7a Digital","isPartOf":{"@id":"https:\/\/www.dinamonetworks.com\/es\/#website"},"datePublished":"2024-11-10T00:19:47+00:00","dateModified":"2025-02-25T13:24:40+00:00","breadcrumb":{"@id":"https:\/\/dinamonetworks.com\/es\/pagina-de-pedido\/#breadcrumb"},"inLanguage":"es","potentialAction":[{"@type":"ReadAction","target":["https:\/\/dinamonetworks.com\/es\/pagina-de-pedido\/"]}]},{"@type":"BreadcrumbList","@id":"https:\/\/dinamonetworks.com\/es\/pagina-de-pedido\/#breadcrumb","itemListElement":[{"@type":"ListItem","position":1,"name":"Home","item":"https:\/\/dinamonetworks.com\/es\/"},{"@type":"ListItem","position":2,"name":"P\u00e1gina de pedido"}]},{"@type":"WebSite","@id":"https:\/\/www.dinamonetworks.com\/es\/#website","url":"https:\/\/www.dinamonetworks.com\/es\/","name":"DINAMO Networks - O mundo mais seguro","description":"O mundo mais seguro.","publisher":{"@id":"https:\/\/www.dinamonetworks.com\/es\/#organization"},"potentialAction":[{"@type":"SearchAction","target":{"@type":"EntryPoint","urlTemplate":"https:\/\/www.dinamonetworks.com\/es\/?s={search_term_string}"},"query-input":{"@type":"PropertyValueSpecification","valueRequired":true,"valueName":"search_term_string"}}],"inLanguage":"es"},{"@type":["Organization","Place"],"@id":"https:\/\/www.dinamonetworks.com\/es\/#organization","name":"DINAMO Networks","alternateName":"DINAMO Networks","url":"https:\/\/www.dinamonetworks.com\/es\/","logo":{"@id":"https:\/\/dinamonetworks.com\/es\/pagina-de-pedido\/#local-main-organization-logo"},"image":{"@id":"https:\/\/dinamonetworks.com\/es\/pagina-de-pedido\/#local-main-organization-logo"},"sameAs":["https:\/\/www.facebook.com\/dinamonetworks\/","https:\/\/www.instagram.com\/dinamonetworks\/","https:\/\/www.linkedin.com\/company\/dinamo-networks\/"],"description":"A DINAMO Networks \u00e9 l\u00edder em seguran\u00e7a de identidade digital e criptografia no Brasil, oferecendo solu\u00e7\u00f5es inovadoras e personalizadas para prote\u00e7\u00e3o de dados e transa\u00e7\u00f5es seguras. Nossos HSMs (Hardware Security Modules) e a plataforma DINAMO SuperCloud garantem a conformidade com as mais rigorosas normas de seguran\u00e7a, como LGPD e padr\u00f5es internacionais. Confie na DINAMO Networks para proteger o seu neg\u00f3cio contra amea\u00e7as cibern\u00e9ticas.","legalName":"DINAMO Networks","foundingDate":"2013-01-16","numberOfEmployees":{"@type":"QuantitativeValue","minValue":"11","maxValue":"50"},"address":{"@id":"https:\/\/dinamonetworks.com\/es\/pagina-de-pedido\/#local-main-place-address"},"geo":{"@type":"GeoCoordinates","latitude":"-23.623953491126013","longitude":"-46.70325718650917"},"telephone":["(11) 3304-3120"],"contactPoint":{"@type":"ContactPoint","telephone":"(11) 3304-3120","email":"contato@dinamonetworks.com"},"openingHoursSpecification":[],"email":"contato@dinamonetworks.com","vatID":"17.423.726\/0001-30"},{"@type":"PostalAddress","@id":"https:\/\/dinamonetworks.com\/es\/pagina-de-pedido\/#local-main-place-address","streetAddress":"Av. das Na\u00e7\u00f5es Unidas, 14401 - 7\u00ba andar, Ch\u00e1cara Santo Ant\u00f4nio (Zona Sul)","addressLocality":"S\u00e3o Paulo","postalCode":"04730-090","addressRegion":"SP","addressCountry":"BR"},{"@type":"ImageObject","inLanguage":"es","@id":"https:\/\/dinamonetworks.com\/es\/pagina-de-pedido\/#local-main-organization-logo","url":"https:\/\/i0.wp.com\/dinamonetworks.com\/wp-content\/uploads\/2025\/02\/cropped-Dinamo-Networks-Logo-site.png?fit=342%2C95&ssl=1","contentUrl":"https:\/\/i0.wp.com\/dinamonetworks.com\/wp-content\/uploads\/2025\/02\/cropped-Dinamo-Networks-Logo-site.png?fit=342%2C95&ssl=1","width":342,"height":95,"caption":"DINAMO Networks"}]},"geo.placename":"S\u00e3o Paulo","geo.position":{"lat":"-23.623953491126013","long":"-46.70325718650917"},"geo.region":"Brasil"},"jetpack_sharing_enabled":true,"_links":{"self":[{"href":"https:\/\/dinamonetworks.com\/es\/wp-json\/wp\/v2\/pages\/11922","targetHints":{"allow":["GET"]}}],"collection":[{"href":"https:\/\/dinamonetworks.com\/es\/wp-json\/wp\/v2\/pages"}],"about":[{"href":"https:\/\/dinamonetworks.com\/es\/wp-json\/wp\/v2\/types\/page"}],"author":[{"embeddable":true,"href":"https:\/\/dinamonetworks.com\/es\/wp-json\/wp\/v2\/users\/1"}],"replies":[{"embeddable":true,"href":"https:\/\/dinamonetworks.com\/es\/wp-json\/wp\/v2\/comments?post=11922"}],"version-history":[{"count":1,"href":"https:\/\/dinamonetworks.com\/es\/wp-json\/wp\/v2\/pages\/11922\/revisions"}],"predecessor-version":[{"id":11923,"href":"https:\/\/dinamonetworks.com\/es\/wp-json\/wp\/v2\/pages\/11922\/revisions\/11923"}],"wp:attachment":[{"href":"https:\/\/dinamonetworks.com\/es\/wp-json\/wp\/v2\/media?parent=11922"}],"curies":[{"name":"wp","href":"https:\/\/api.w.org\/{rel}","templated":true}]}}