
{"id":11591,"date":"2024-09-09T17:18:33","date_gmt":"2024-09-09T20:18:33","guid":{"rendered":"https:\/\/www.dinamonetworks.com\/login\/"},"modified":"2025-02-14T10:58:57","modified_gmt":"2025-02-14T13:58:57","slug":"login","status":"publish","type":"page","link":"https:\/\/dinamonetworks.com\/es\/login\/","title":{"rendered":"Iniciar sesi\u00f3n"},"content":{"rendered":"\t\t<div data-elementor-type=\"wp-page\" data-elementor-id=\"11591\" class=\"elementor elementor-11591 elementor-598\" data-elementor-post-type=\"page\">\n\t\t\t\t<div class=\"elementor-element elementor-element-7d9ed9d e-flex e-con-boxed e-con e-parent\" data-id=\"7d9ed9d\" data-element_type=\"container\" data-settings=\"{&quot;background_background&quot;:&quot;classic&quot;}\">\n\t\t\t\t\t<div class=\"e-con-inner\">\n\t\t\t\t<div class=\"elementor-element elementor-element-ad9e2c4 elementor-widget__width-initial elementor-widget elementor-widget-image-box\" data-id=\"ad9e2c4\" data-element_type=\"widget\" data-widget_type=\"image-box.default\">\n\t\t\t\t\t<div class=\"elementor-image-box-wrapper\"><div class=\"elementor-image-box-content\"><h3 class=\"elementor-image-box-title\">Bienvenido a tu cuenta de <span class=\"color-gold\">DINAMO Networks<\/span><\/h3><p class=\"elementor-image-box-description\">En este espacio restringido, puedes encontrar m\u00e1s informaci\u00f3n sobre soluciones para el \u00e9xito de tu empresa.<\/p><\/div><\/div>\t\t\t\t<\/div>\n\t\t<div class=\"elementor-element elementor-element-c7a4e85 e-con-full e-flex e-con e-child\" data-id=\"c7a4e85\" data-element_type=\"container\" data-settings=\"{&quot;background_background&quot;:&quot;classic&quot;}\">\n\t\t\t\t<div class=\"elementor-element elementor-element-c0f7601 elementor-widget__width-initial elementor-widget elementor-widget-heading\" data-id=\"c0f7601\" data-element_type=\"widget\" data-widget_type=\"heading.default\">\n\t\t\t\t\t<p class=\"elementor-heading-title elementor-size-default\">Cuenta de acceso<\/p>\t\t\t\t<\/div>\n\t\t\t\t<div class=\"elementor-element elementor-element-b0c53dd elementor-widget__width-inherit elementor-widget elementor-widget-shortcode\" data-id=\"b0c53dd\" data-element_type=\"widget\" data-widget_type=\"shortcode.default\">\n\t\t\t\t\t\t<style>\n\t\t.hubsites-login-form {\n\t\t\tdisplay: flex;\n\t\t\tflex-direction: column;\n\t\t\tgap: 16px;\n\n\t\t\twidth: 100%;\n\t\t}\n\n\t\t.hubsites-login-form label {\n\t\t\twidth: 100%;\n\t\t\tfont-size: 16px;\n\t\t\t\n\t\t\tfont-family: \"Nunito\", sans-serif;\n\n\t\t\tdisplay:flex;\n\t\t\tflex-direction: column;\n\t\t\tgap: 4px;\n\t\t}\n\n\t\t.hubsites-login-form input {\n\t\t\twidth: 100%;\n\n\t\t\tfont-size: 16px;\n\t\t\tfont-family: \"Nunito\", sans-serif;\n\t\t\tborder: 1px solid #d8d8d8;\n\t\t\tborder-radius: 6px;\n\n\t\t\tpadding: 16px 24px;\n\t\t\toutline: none;\n\t\t}\n\n\t\t.hubsites-login-form button {\n\t\t\twidth: 100%;\n\n\t\t\tfont-family: \"Nunito\", sans-serif;\n\t\t\tfont-size: 18px;\n\t\t\tfont-weight: 700;\n\t\t\tcolor: #202020;\n\n\t\t\tbackground: #bca643;\n\t\t\tborder: none;\n\t\t\tborder-radius: 10px;\n\n\t\t\tpadding: 16px 24px;\n\t\t}\n\n\t\t.hubsites-login-form .error {\n\t\t\tfont-size: 14px;\n\t\t\tcolor: red;\n\t\t}\n\t<\/style>\n\n\t<form class=\"hubsites-login-form\">\n\t\t<label for=\"input-email\">\n\t\t\tE-mail\n\t\t\t<input type=\"email\" name=\"input-email\" id=\"input-email\">\n\t\t\t<span class=\"error\"><\/span>\n\t\t<\/label>\n\t\t<label for=\"input-password\">\n\t\t\tSenha\n\t\t\t<input type=\"password\" name=\"input-password\" id=\"input-password\">\n\t\t\t<span class=\"error\"><\/span>\n\t\t<\/label>\n\t\t<button type=\"submit\">Acessar<\/button>\n\t\t<p class=\"form-error\"><\/p>\n\t<\/form>\n\n\t<script data-jetpack-boost=\"ignore\" type=\"text\/javascript\">\n\t\tconst loginForm = document.querySelector('.hubsites-login-form');\n\t\tconst inputEmail = document.querySelector('.hubsites-login-form #input-email');\n\t\tconst inputPassword = document.querySelector('.hubsites-login-form #input-password');\n\t\tconst buttonSubmit = document.querySelector('.hubsites-login-form button');\n\n\t\tlet emailExists = true;\n\t\tlet submitDisabled = false;\n\n\t\tinputEmail.addEventListener('change', function() {\n\t  \tconst value = inputEmail.value;\n\n\t\t\tconst formData = new FormData();\n\n\t\t\tformData.append('user_by', 'email');\n\t\t\tformData.append('value', value);\n\n\t\t\tfetch('https:\/\/dinamonetworks.com\/es\/\/?rest_route=\/api\/verificar_usuario', {\n\t\t\t\tmethod: 'POST',\n\t\t\t\tbody: formData\n\t\t\t})\n\t\t\t.then(response => response.json())\n\t\t\t.then(response => {\n\t\t\t\tconst data = JSON.parse(response);\n\t\t\t\n\t\t\t\tif(data.exist) {\n\t\t\t\t\temailExists = true;\n\t\t\t\t} else {\n\t\t\t\t\temailExists = false;\n\n\t\t\t\t\tconst error = inputEmail.nextElementSibling;\n\t\t\t\t\terror.innerText = \"E-mail n\u00e3o cadastrado no sistema.\";\n\t\t\t\t\terror.style.display = \"inherit\";\n\n\t\t\t\t\tinputEmail.style.borderColor = \"red\";\n\t\t\t\t\tinputEmail.value = \"\";\n\t\t\t\t\tinputEmail.focus();\n\n\t\t\t\t\tsetTimeout(function() {\n\t\t\t\t\t\terror.style.display = \"none\";\n\t\t\t\t\t\tinputEmail.style.borderColor = \"inherit\";\n\t\t\t\t\t\temailExists = true;\n\n\t\t\t\t\t}, 5000);\n\t\t\t\t}\n\n\t\t\t})\n\t\t});\n\n\t\tloginForm.addEventListener('submit', function(e) {\n\t\t\te.preventDefault();\n\t\t\te.stopPropagation();\n\n\t\t\tlet allowedToSubmit = true;\n\n\t\t\tif(submitDisabled) allowedToSubmit = false;\n\n\t\t\tif(inputEmail.value === '') {\n\t\t\t\tallowedToSubmit = false;\n\n\t\t\t\tinputEmail.style.borderColor = \"red\";\n\n\t\t\t\tconst error = inputEmail.nextElementSibling;\n\t\t\t\terror.innerText = \"N\u00e3o deixe o campo em branco\";\n\t\t\t\terror.style.display = \"inherit\";\n\t\t\t\treturn inputEmail.focus();\n\t\t\t}\n\n\t\t\tif(inputPassword.value === '') {\n\t\t\t\tallowedToSubmit = false;\n\n\t\t\t\tinputPassword.style.borderColor = \"red\";\n\n\t\t\t\tconst error = inputPassword.nextElementSibling;\n\t\t\t\terror.innerText = \"N\u00e3o deixe o campo em branco\";\n\t\t\t\terror.style.display = \"inherit\";\n\t\t\t\treturn inputPassword.focus();\n\t\t\t}\n\t\t\t\n\t\t\tif(!emailExists) allowedToSubmit = false;\n\n\t\t\tif(allowedToSubmit) {\n\n\t\t\t\tconst formData = new FormData();\n\t\t\t\tformData.append('email', inputEmail.value);\n\t\t\t\tformData.append('password', inputPassword.value);\n\n\t\t\t\tbuttonSubmit.innerText = \"Aguarde...\";\n\t\t\t\tbuttonSubmit.setAttribute('disabled', 'true');\n\t\t\t\tbuttonSubmit.style.opacity = \"0.5\";\n\n\t\t\t\tfetch('https:\/\/dinamonetworks.com\/es\/\/?rest_route=\/api\/check_user_account', {\n\t\t\t\t\tmethod: 'POST',\n\t\t\t\t\tbody: formData\n\t\t\t\t})\n\t\t\t\t.then(r => r.json())\n\t\t\t\t.then(r => {\n\t\t\t\t\tdata = JSON.parse(r);\n\n\t\t\t\t\tif(data.data !== undefined) {\n\n\t\t\t\t\t\tsetTimeout(() => {\n\t\t\t\t\t\t\twindow.location.href = \"https:\/\/dinamonetworks.com\/es\/\/meu-perfil\";\n\t\t\t\t\t\t}, 1500);\n\n\t\t\t\t\t} else if(data.errors !== undefined) {\n\n\t\t\t\t\t\tconst formError = document.querySelector('.hubsites-login-form .form-error');\n\n\t\t\t\t\t\tformError.style.display = \"inherit\";\n\t\t\t\t\t\tformError.style.color = \"red\";\n\n\t\t\t\t\t\tbuttonSubmit.innerText = \"Accesar\";\n\t\t\t\t\t\tbuttonSubmit.removeAttribute('disabled');\n\t\t\t\t\t\tbuttonSubmit.style.opacity = \"1\";\n\n\t\t\t\t\t\tsubmitDisabled = true;\n\n\t\t\t\t\t\tif(data.errors.incorrect_password) {\n\t\t\t\t\t\t\tformError.innerHTML = \"Senha incorreta. Tente novamente.\";\n\t\t\t\t\t\t}\n\n\t\t\t\t\t}\n\t\t\t\t});\n\n\t\t\t}\n\t\t})\n\t<\/script>\n\n\t\t<div class=\"elementor-shortcode\"><\/div>\n\t\t\t\t\t\t<\/div>\n\t\t\t\t<div class=\"elementor-element elementor-element-227aca5 elementor-widget elementor-widget-heading\" data-id=\"227aca5\" data-element_type=\"widget\" data-widget_type=\"heading.default\">\n\t\t\t\t\t<p class=\"elementor-heading-title elementor-size-default\">\u00bfNo tienes cuenta?  <a href=\"https:\/\/www.dinamonetworks.com\/criar-conta\/\" class=\"color-gold\">Inscr\u00edbete<\/a><\/p>\t\t\t\t<\/div>\n\t\t\t\t<\/div>\n\t\t\t\t\t<\/div>\n\t\t\t\t<\/div>\n\t\t<div class=\"elementor-element elementor-element-fd8b1a5 e-flex e-con-boxed e-con e-parent\" data-id=\"fd8b1a5\" data-element_type=\"container\" data-settings=\"{&quot;background_background&quot;:&quot;classic&quot;}\">\n\t\t\t\t\t<div class=\"e-con-inner\">\n\t\t\t\t\t<\/div>\n\t\t\t\t<\/div>\n\t\t<div class=\"elementor-element elementor-element-ce3aa6d e-flex e-con-boxed e-con e-parent\" data-id=\"ce3aa6d\" data-element_type=\"container\">\n\t\t\t\t\t<div class=\"e-con-inner\">\n\t\t\t\t\t<\/div>\n\t\t\t\t<\/div>\n\t\t\t\t<\/div>\n\t\t","protected":false},"excerpt":{"rendered":"<p>Bienvenido a tu cuenta de DINAMO Networks En este espacio restringido, puedes encontrar m\u00e1s informaci\u00f3n sobre soluciones para el \u00e9xito de tu empresa. Cuenta de acceso \u00bfNo tienes cuenta? Inscr\u00edbete<\/p>\n","protected":false},"author":1,"featured_media":0,"parent":0,"menu_order":0,"comment_status":"closed","ping_status":"closed","template":"elementor_header_footer","meta":{"footnotes":""},"class_list":["post-11591","page","type-page","status-publish","hentry"],"yoast_head":"<!-- This site is optimized with the Yoast SEO Premium plugin v24.5 (Yoast SEO v25.9) - https:\/\/yoast.com\/wordpress\/plugins\/seo\/ -->\n<title>Iniciar sesi\u00f3n - DINAMO Networks - Seguran\u00e7a Digital<\/title>\n<meta name=\"robots\" content=\"index, follow, max-snippet:-1, max-image-preview:large, max-video-preview:-1\" \/>\n<link rel=\"canonical\" href=\"https:\/\/dinamonetworks.com\/es\/login\/\" \/>\n<meta property=\"og:locale\" content=\"es_ES\" \/>\n<meta property=\"og:type\" content=\"article\" \/>\n<meta property=\"og:title\" content=\"Iniciar sesi\u00f3n\" \/>\n<meta property=\"og:description\" content=\"Bienvenido a tu cuenta de DINAMO Networks En este espacio restringido, puedes encontrar m\u00e1s informaci\u00f3n sobre soluciones para el \u00e9xito de tu empresa. Cuenta de acceso \u00bfNo tienes cuenta? Inscr\u00edbete\" \/>\n<meta property=\"og:url\" content=\"https:\/\/dinamonetworks.com\/es\/login\/\" \/>\n<meta property=\"og:site_name\" content=\"DINAMO Networks - Seguran\u00e7a Digital\" \/>\n<meta property=\"article:publisher\" content=\"https:\/\/www.facebook.com\/dinamonetworks\/\" \/>\n<meta property=\"article:modified_time\" content=\"2025-02-14T13:58:57+00:00\" \/>\n<meta property=\"og:image\" content=\"https:\/\/i0.wp.com\/dinamonetworks.com\/wp-content\/uploads\/2025\/02\/DINAMO-Networks-Site-Image.jpg?fit=1200%2C675&ssl=1\" \/>\n\t<meta property=\"og:image:width\" content=\"1200\" \/>\n\t<meta property=\"og:image:height\" content=\"675\" \/>\n\t<meta property=\"og:image:type\" content=\"image\/jpeg\" \/>\n<meta name=\"twitter:card\" content=\"summary_large_image\" \/>\n<script type=\"application\/ld+json\" class=\"yoast-schema-graph\">{\"@context\":\"https:\/\/schema.org\",\"@graph\":[{\"@type\":\"WebPage\",\"@id\":\"https:\/\/dinamonetworks.com\/es\/login\/\",\"url\":\"https:\/\/dinamonetworks.com\/es\/login\/\",\"name\":\"Iniciar sesi\u00f3n - DINAMO Networks - Seguran\u00e7a Digital\",\"isPartOf\":{\"@id\":\"https:\/\/www.dinamonetworks.com\/es\/#website\"},\"datePublished\":\"2024-09-09T20:18:33+00:00\",\"dateModified\":\"2025-02-14T13:58:57+00:00\",\"breadcrumb\":{\"@id\":\"https:\/\/dinamonetworks.com\/es\/login\/#breadcrumb\"},\"inLanguage\":\"es\",\"potentialAction\":[{\"@type\":\"ReadAction\",\"target\":[\"https:\/\/dinamonetworks.com\/es\/login\/\"]}]},{\"@type\":\"BreadcrumbList\",\"@id\":\"https:\/\/dinamonetworks.com\/es\/login\/#breadcrumb\",\"itemListElement\":[{\"@type\":\"ListItem\",\"position\":1,\"name\":\"Home\",\"item\":\"https:\/\/dinamonetworks.com\/es\/\"},{\"@type\":\"ListItem\",\"position\":2,\"name\":\"Iniciar sesi\u00f3n\"}]},{\"@type\":\"WebSite\",\"@id\":\"https:\/\/www.dinamonetworks.com\/es\/#website\",\"url\":\"https:\/\/www.dinamonetworks.com\/es\/\",\"name\":\"DINAMO Networks - O mundo mais seguro\",\"description\":\"O mundo mais seguro.\",\"publisher\":{\"@id\":\"https:\/\/www.dinamonetworks.com\/es\/#organization\"},\"potentialAction\":[{\"@type\":\"SearchAction\",\"target\":{\"@type\":\"EntryPoint\",\"urlTemplate\":\"https:\/\/www.dinamonetworks.com\/es\/?s={search_term_string}\"},\"query-input\":{\"@type\":\"PropertyValueSpecification\",\"valueRequired\":true,\"valueName\":\"search_term_string\"}}],\"inLanguage\":\"es\"},{\"@type\":[\"Organization\",\"Place\"],\"@id\":\"https:\/\/www.dinamonetworks.com\/es\/#organization\",\"name\":\"DINAMO Networks\",\"alternateName\":\"DINAMO Networks\",\"url\":\"https:\/\/www.dinamonetworks.com\/es\/\",\"logo\":{\"@id\":\"https:\/\/dinamonetworks.com\/es\/login\/#local-main-organization-logo\"},\"image\":{\"@id\":\"https:\/\/dinamonetworks.com\/es\/login\/#local-main-organization-logo\"},\"sameAs\":[\"https:\/\/www.facebook.com\/dinamonetworks\/\",\"https:\/\/www.instagram.com\/dinamonetworks\/\",\"https:\/\/www.linkedin.com\/company\/dinamo-networks\/\"],\"description\":\"A DINAMO Networks \u00e9 l\u00edder em seguran\u00e7a de identidade digital e criptografia no Brasil, oferecendo solu\u00e7\u00f5es inovadoras e personalizadas para prote\u00e7\u00e3o de dados e transa\u00e7\u00f5es seguras. Nossos HSMs (Hardware Security Modules) e a plataforma DINAMO SuperCloud garantem a conformidade com as mais rigorosas normas de seguran\u00e7a, como LGPD e padr\u00f5es internacionais. Confie na DINAMO Networks para proteger o seu neg\u00f3cio contra amea\u00e7as cibern\u00e9ticas.\",\"legalName\":\"DINAMO Networks\",\"foundingDate\":\"2013-01-16\",\"numberOfEmployees\":{\"@type\":\"QuantitativeValue\",\"minValue\":\"11\",\"maxValue\":\"50\"},\"address\":{\"@id\":\"https:\/\/dinamonetworks.com\/es\/login\/#local-main-place-address\"},\"geo\":{\"@type\":\"GeoCoordinates\",\"latitude\":\"-23.623953491126013\",\"longitude\":\"-46.70325718650917\"},\"telephone\":[\"(11) 3304-3120\"],\"contactPoint\":{\"@type\":\"ContactPoint\",\"telephone\":\"(11) 3304-3120\",\"email\":\"contato@dinamonetworks.com\"},\"openingHoursSpecification\":[],\"email\":\"contato@dinamonetworks.com\",\"vatID\":\"17.423.726\/0001-30\"},{\"@type\":\"PostalAddress\",\"@id\":\"https:\/\/dinamonetworks.com\/es\/login\/#local-main-place-address\",\"streetAddress\":\"Av. das Na\u00e7\u00f5es Unidas, 14401 - 7\u00ba andar, Ch\u00e1cara Santo Ant\u00f4nio (Zona Sul)\",\"addressLocality\":\"S\u00e3o Paulo\",\"postalCode\":\"04730-090\",\"addressRegion\":\"SP\",\"addressCountry\":\"BR\"},{\"@type\":\"ImageObject\",\"inLanguage\":\"es\",\"@id\":\"https:\/\/dinamonetworks.com\/es\/login\/#local-main-organization-logo\",\"url\":\"https:\/\/i0.wp.com\/dinamonetworks.com\/wp-content\/uploads\/2025\/02\/cropped-Dinamo-Networks-Logo-site.png?fit=342%2C95&ssl=1\",\"contentUrl\":\"https:\/\/i0.wp.com\/dinamonetworks.com\/wp-content\/uploads\/2025\/02\/cropped-Dinamo-Networks-Logo-site.png?fit=342%2C95&ssl=1\",\"width\":342,\"height\":95,\"caption\":\"DINAMO Networks\"}]}<\/script>\n<meta name=\"geo.placename\" content=\"S\u00e3o Paulo\" \/>\n<meta name=\"geo.position\" content=\"-23.623953491126013;-46.70325718650917\" \/>\n<meta name=\"geo.region\" content=\"Brasil\" \/>\n<!-- \/ Yoast SEO Premium plugin. -->","yoast_head_json":{"title":"Iniciar sesi\u00f3n - DINAMO Networks - Seguran\u00e7a Digital","robots":{"index":"index","follow":"follow","max-snippet":"max-snippet:-1","max-image-preview":"max-image-preview:large","max-video-preview":"max-video-preview:-1"},"canonical":"https:\/\/dinamonetworks.com\/es\/login\/","og_locale":"es_ES","og_type":"article","og_title":"Iniciar sesi\u00f3n","og_description":"Bienvenido a tu cuenta de DINAMO Networks En este espacio restringido, puedes encontrar m\u00e1s informaci\u00f3n sobre soluciones para el \u00e9xito de tu empresa. Cuenta de acceso \u00bfNo tienes cuenta? Inscr\u00edbete","og_url":"https:\/\/dinamonetworks.com\/es\/login\/","og_site_name":"DINAMO Networks - Seguran\u00e7a Digital","article_publisher":"https:\/\/www.facebook.com\/dinamonetworks\/","article_modified_time":"2025-02-14T13:58:57+00:00","og_image":[{"width":1200,"height":675,"url":"https:\/\/i0.wp.com\/dinamonetworks.com\/wp-content\/uploads\/2025\/02\/DINAMO-Networks-Site-Image.jpg?fit=1200%2C675&ssl=1","type":"image\/jpeg"}],"twitter_card":"summary_large_image","schema":{"@context":"https:\/\/schema.org","@graph":[{"@type":"WebPage","@id":"https:\/\/dinamonetworks.com\/es\/login\/","url":"https:\/\/dinamonetworks.com\/es\/login\/","name":"Iniciar sesi\u00f3n - DINAMO Networks - Seguran\u00e7a Digital","isPartOf":{"@id":"https:\/\/www.dinamonetworks.com\/es\/#website"},"datePublished":"2024-09-09T20:18:33+00:00","dateModified":"2025-02-14T13:58:57+00:00","breadcrumb":{"@id":"https:\/\/dinamonetworks.com\/es\/login\/#breadcrumb"},"inLanguage":"es","potentialAction":[{"@type":"ReadAction","target":["https:\/\/dinamonetworks.com\/es\/login\/"]}]},{"@type":"BreadcrumbList","@id":"https:\/\/dinamonetworks.com\/es\/login\/#breadcrumb","itemListElement":[{"@type":"ListItem","position":1,"name":"Home","item":"https:\/\/dinamonetworks.com\/es\/"},{"@type":"ListItem","position":2,"name":"Iniciar sesi\u00f3n"}]},{"@type":"WebSite","@id":"https:\/\/www.dinamonetworks.com\/es\/#website","url":"https:\/\/www.dinamonetworks.com\/es\/","name":"DINAMO Networks - O mundo mais seguro","description":"O mundo mais seguro.","publisher":{"@id":"https:\/\/www.dinamonetworks.com\/es\/#organization"},"potentialAction":[{"@type":"SearchAction","target":{"@type":"EntryPoint","urlTemplate":"https:\/\/www.dinamonetworks.com\/es\/?s={search_term_string}"},"query-input":{"@type":"PropertyValueSpecification","valueRequired":true,"valueName":"search_term_string"}}],"inLanguage":"es"},{"@type":["Organization","Place"],"@id":"https:\/\/www.dinamonetworks.com\/es\/#organization","name":"DINAMO Networks","alternateName":"DINAMO Networks","url":"https:\/\/www.dinamonetworks.com\/es\/","logo":{"@id":"https:\/\/dinamonetworks.com\/es\/login\/#local-main-organization-logo"},"image":{"@id":"https:\/\/dinamonetworks.com\/es\/login\/#local-main-organization-logo"},"sameAs":["https:\/\/www.facebook.com\/dinamonetworks\/","https:\/\/www.instagram.com\/dinamonetworks\/","https:\/\/www.linkedin.com\/company\/dinamo-networks\/"],"description":"A DINAMO Networks \u00e9 l\u00edder em seguran\u00e7a de identidade digital e criptografia no Brasil, oferecendo solu\u00e7\u00f5es inovadoras e personalizadas para prote\u00e7\u00e3o de dados e transa\u00e7\u00f5es seguras. Nossos HSMs (Hardware Security Modules) e a plataforma DINAMO SuperCloud garantem a conformidade com as mais rigorosas normas de seguran\u00e7a, como LGPD e padr\u00f5es internacionais. Confie na DINAMO Networks para proteger o seu neg\u00f3cio contra amea\u00e7as cibern\u00e9ticas.","legalName":"DINAMO Networks","foundingDate":"2013-01-16","numberOfEmployees":{"@type":"QuantitativeValue","minValue":"11","maxValue":"50"},"address":{"@id":"https:\/\/dinamonetworks.com\/es\/login\/#local-main-place-address"},"geo":{"@type":"GeoCoordinates","latitude":"-23.623953491126013","longitude":"-46.70325718650917"},"telephone":["(11) 3304-3120"],"contactPoint":{"@type":"ContactPoint","telephone":"(11) 3304-3120","email":"contato@dinamonetworks.com"},"openingHoursSpecification":[],"email":"contato@dinamonetworks.com","vatID":"17.423.726\/0001-30"},{"@type":"PostalAddress","@id":"https:\/\/dinamonetworks.com\/es\/login\/#local-main-place-address","streetAddress":"Av. das Na\u00e7\u00f5es Unidas, 14401 - 7\u00ba andar, Ch\u00e1cara Santo Ant\u00f4nio (Zona Sul)","addressLocality":"S\u00e3o Paulo","postalCode":"04730-090","addressRegion":"SP","addressCountry":"BR"},{"@type":"ImageObject","inLanguage":"es","@id":"https:\/\/dinamonetworks.com\/es\/login\/#local-main-organization-logo","url":"https:\/\/i0.wp.com\/dinamonetworks.com\/wp-content\/uploads\/2025\/02\/cropped-Dinamo-Networks-Logo-site.png?fit=342%2C95&ssl=1","contentUrl":"https:\/\/i0.wp.com\/dinamonetworks.com\/wp-content\/uploads\/2025\/02\/cropped-Dinamo-Networks-Logo-site.png?fit=342%2C95&ssl=1","width":342,"height":95,"caption":"DINAMO Networks"}]},"geo.placename":"S\u00e3o Paulo","geo.position":{"lat":"-23.623953491126013","long":"-46.70325718650917"},"geo.region":"Brasil"},"jetpack_sharing_enabled":true,"_links":{"self":[{"href":"https:\/\/dinamonetworks.com\/es\/wp-json\/wp\/v2\/pages\/11591","targetHints":{"allow":["GET"]}}],"collection":[{"href":"https:\/\/dinamonetworks.com\/es\/wp-json\/wp\/v2\/pages"}],"about":[{"href":"https:\/\/dinamonetworks.com\/es\/wp-json\/wp\/v2\/types\/page"}],"author":[{"embeddable":true,"href":"https:\/\/dinamonetworks.com\/es\/wp-json\/wp\/v2\/users\/1"}],"replies":[{"embeddable":true,"href":"https:\/\/dinamonetworks.com\/es\/wp-json\/wp\/v2\/comments?post=11591"}],"version-history":[{"count":1,"href":"https:\/\/dinamonetworks.com\/es\/wp-json\/wp\/v2\/pages\/11591\/revisions"}],"predecessor-version":[{"id":11595,"href":"https:\/\/dinamonetworks.com\/es\/wp-json\/wp\/v2\/pages\/11591\/revisions\/11595"}],"wp:attachment":[{"href":"https:\/\/dinamonetworks.com\/es\/wp-json\/wp\/v2\/media?parent=11591"}],"curies":[{"name":"wp","href":"https:\/\/api.w.org\/{rel}","templated":true}]}}