
{"id":11565,"date":"2024-08-30T10:15:35","date_gmt":"2024-08-30T13:15:35","guid":{"rendered":"https:\/\/www.dinamonetworks.com\/compliance\/"},"modified":"2025-02-14T10:58:48","modified_gmt":"2025-02-14T13:58:48","slug":"compliance","status":"publish","type":"page","link":"https:\/\/dinamonetworks.com\/es\/compliance\/","title":{"rendered":"Conformidad"},"content":{"rendered":"\t\t<div data-elementor-type=\"wp-page\" data-elementor-id=\"11565\" class=\"elementor elementor-11565 elementor-183\" data-elementor-post-type=\"page\">\n\t\t\t\t<div class=\"elementor-element elementor-element-83a73d1 e-flex e-con-boxed e-con e-parent\" data-id=\"83a73d1\" data-element_type=\"container\" data-settings=\"{&quot;background_background&quot;:&quot;classic&quot;}\">\n\t\t\t\t\t<div class=\"e-con-inner\">\n\t\t\t\t<div class=\"elementor-element elementor-element-ab6a060 elementor-widget elementor-widget-heading\" data-id=\"ab6a060\" data-element_type=\"widget\" data-widget_type=\"heading.default\">\n\t\t\t\t\t<h1 class=\"elementor-heading-title elementor-size-default\">Conformidad<\/h1>\t\t\t\t<\/div>\n\t\t\t\t\t<\/div>\n\t\t\t\t<\/div>\n\t\t<div class=\"elementor-element elementor-element-5ecd687 e-flex e-con-boxed e-con e-parent\" data-id=\"5ecd687\" data-element_type=\"container\" data-settings=\"{&quot;background_background&quot;:&quot;classic&quot;}\">\n\t\t\t\t\t<div class=\"e-con-inner\">\n\t\t\t\t<div class=\"elementor-element elementor-element-d951d16 elementor-widget__width-initial elementor-widget elementor-widget-image-box\" data-id=\"d951d16\" data-element_type=\"widget\" data-widget_type=\"image-box.default\">\n\t\t\t\t\t<div class=\"elementor-image-box-wrapper\"><div class=\"elementor-image-box-content\"><h2 class=\"elementor-image-box-title\">DUDAS SOBRE LA PROTECCI\u00d3N DE LA \u00c9TICA Y LA INTEGRIDAD<\/h2><p class=\"elementor-image-box-description\">Proteger la \u00e9tica y la integridad\n<br><br>DINAMO Networks trabaja para proteger la seguridad digital, y no podr\u00eda ser de otro modo cuando se trata de la \u00e9tica y la integridad en nuestras relaciones con clientes, proveedores, empleados y terceros.As\u00ed, al igual que trabajamos con la seguridad digital y la encriptaci\u00f3n en nuestro negocio, tambi\u00e9n tenemos el mismo cuidado con nuestro gobierno corporativo, trabajando con pol\u00edticas de cumplimiento que garantizan la perpetuidad de nuestro programa de integridad.\n<br><br>Nos guiamos por principios \u00e9ticos y de cumplimiento, y es inaceptable cualquier conducta que condone actos de corrupci\u00f3n, violaci\u00f3n de nuestras pol\u00edticas, favoritismo y otros actos que no est\u00e9n en consonancia con aquello en lo que creemos, la protecci\u00f3n de la \u00e9tica y la integridad en todas nuestras relaciones.\n<br><br>Puedes obtener m\u00e1s informaci\u00f3n sobre nuestra pol\u00edtica anticorrupci\u00f3n, nuestro c\u00f3digo \u00e9tico y de conducta empresarial y nuestro canal de denuncia de irregularidades utilizando los botones siguientes.<\/p><\/div><\/div>\t\t\t\t<\/div>\n\t\t\t\t\t<\/div>\n\t\t\t\t<\/div>\n\t\t<div class=\"elementor-element elementor-element-913cf5b e-flex e-con-boxed e-con e-parent\" data-id=\"913cf5b\" data-element_type=\"container\" data-settings=\"{&quot;background_background&quot;:&quot;classic&quot;}\">\n\t\t\t\t\t<div class=\"e-con-inner\">\n\t\t<div class=\"elementor-element elementor-element-4008825 e-con-full e-flex e-con e-child\" data-id=\"4008825\" data-element_type=\"container\">\n\t\t\t\t<div class=\"elementor-element elementor-element-f8f6bc2 elementor-widget__width-initial elementor-widget elementor-widget-icon-box\" data-id=\"f8f6bc2\" data-element_type=\"widget\" data-widget_type=\"icon-box.default\">\n\t\t\t\t\t\t\t<div class=\"elementor-icon-box-wrapper\">\n\n\t\t\t\n\t\t\t\t\t\t<div class=\"elementor-icon-box-content\">\n\n\t\t\t\t\t\t\t\t\t<p class=\"elementor-icon-box-title\">\n\t\t\t\t\t\t<a href=\"https:\/\/d335luupugsy2.cloudfront.net\/cms%2Ffiles%2F340626%2F1651166511CDIGO_DE_TICA_DA_DINAMO_NETWORKS_.pdf\" >\n\t\t\t\t\t\t\tC\u00f3digo \u00c9tico y de Conducta Empresarial\t\t\t\t\t\t<\/a>\n\t\t\t\t\t<\/p>\n\t\t\t\t\n\t\t\t\t\n\t\t\t<\/div>\n\t\t\t\n\t\t<\/div>\n\t\t\t\t\t\t<\/div>\n\t\t\t\t<div class=\"elementor-element elementor-element-3230d92 elementor-widget__width-initial elementor-widget elementor-widget-icon-box\" data-id=\"3230d92\" data-element_type=\"widget\" data-widget_type=\"icon-box.default\">\n\t\t\t\t\t\t\t<div class=\"elementor-icon-box-wrapper\">\n\n\t\t\t\n\t\t\t\t\t\t<div class=\"elementor-icon-box-content\">\n\n\t\t\t\t\t\t\t\t\t<p class=\"elementor-icon-box-title\">\n\t\t\t\t\t\t<a href=\"https:\/\/d335luupugsy2.cloudfront.net\/cms%2Ffiles%2F340626%2F1663981772Poltica_anticorrupo_DINAMONetworks_set-2022_rev.pdf\" >\n\t\t\t\t\t\t\tPol\u00edtica Anticorrupci\u00f3n\t\t\t\t\t\t<\/a>\n\t\t\t\t\t<\/p>\n\t\t\t\t\n\t\t\t\t\n\t\t\t<\/div>\n\t\t\t\n\t\t<\/div>\n\t\t\t\t\t\t<\/div>\n\t\t\t\t<div class=\"elementor-element elementor-element-fa3745f elementor-widget__width-initial elementor-widget elementor-widget-icon-box\" data-id=\"fa3745f\" data-element_type=\"widget\" data-widget_type=\"icon-box.default\">\n\t\t\t\t\t\t\t<div class=\"elementor-icon-box-wrapper\">\n\n\t\t\t\n\t\t\t\t\t\t<div class=\"elementor-icon-box-content\">\n\n\t\t\t\t\t\t\t\t\t<p class=\"elementor-icon-box-title\">\n\t\t\t\t\t\t<a href=\"https:\/\/www.dinamonetworks.com\/wp-content\/uploads\/2022\/09\/programa-de-integridade.pdf\" target=\"_blank\" >\n\t\t\t\t\t\t\tPrograma de Integridad\t\t\t\t\t\t<\/a>\n\t\t\t\t\t<\/p>\n\t\t\t\t\n\t\t\t\t\n\t\t\t<\/div>\n\t\t\t\n\t\t<\/div>\n\t\t\t\t\t\t<\/div>\n\t\t\t\t<div class=\"elementor-element elementor-element-0c94e8e elementor-widget__width-initial elementor-widget elementor-widget-icon-box\" data-id=\"0c94e8e\" data-element_type=\"widget\" data-widget_type=\"icon-box.default\">\n\t\t\t\t\t\t\t<div class=\"elementor-icon-box-wrapper\">\n\n\t\t\t\n\t\t\t\t\t\t<div class=\"elementor-icon-box-content\">\n\n\t\t\t\t\t\t\t\t\t<p class=\"elementor-icon-box-title\">\n\t\t\t\t\t\t<a href=\"https:\/\/d335luupugsy2.cloudfront.net\/cms%2Ffiles%2F340626%2F1663981993POLTICA_DE_RELACIONAMENTO_COM_TERCEIROS_DINAMO_NETWORKS_REV2_09-2022.pdf\" >\n\t\t\t\t\t\t\tPol\u00edtica de relaciones con terceros\t\t\t\t\t\t<\/a>\n\t\t\t\t\t<\/p>\n\t\t\t\t\n\t\t\t\t\n\t\t\t<\/div>\n\t\t\t\n\t\t<\/div>\n\t\t\t\t\t\t<\/div>\n\t\t\t\t<div class=\"elementor-element elementor-element-5b33432 elementor-widget__width-initial elementor-widget elementor-widget-icon-box\" data-id=\"5b33432\" data-element_type=\"widget\" data-widget_type=\"icon-box.default\">\n\t\t\t\t\t\t\t<div class=\"elementor-icon-box-wrapper\">\n\n\t\t\t\n\t\t\t\t\t\t<div class=\"elementor-icon-box-content\">\n\n\t\t\t\t\t\t\t\t\t<p class=\"elementor-icon-box-title\">\n\t\t\t\t\t\t<a href=\"https:\/\/d335luupugsy2.cloudfront.net\/cms%2Ffiles%2F340626%2F1642164388Poltica_de_Privacidade_-_DINAMO.pdf\" >\n\t\t\t\t\t\t\tPol\u00edtica de privacidad\t\t\t\t\t\t<\/a>\n\t\t\t\t\t<\/p>\n\t\t\t\t\n\t\t\t\t\n\t\t\t<\/div>\n\t\t\t\n\t\t<\/div>\n\t\t\t\t\t\t<\/div>\n\t\t\t\t<div class=\"elementor-element elementor-element-83ecaad elementor-widget__width-initial elementor-widget elementor-widget-icon-box\" data-id=\"83ecaad\" data-element_type=\"widget\" data-widget_type=\"icon-box.default\">\n\t\t\t\t\t\t\t<div class=\"elementor-icon-box-wrapper\">\n\n\t\t\t\n\t\t\t\t\t\t<div class=\"elementor-icon-box-content\">\n\n\t\t\t\t\t\t\t\t\t<p class=\"elementor-icon-box-title\">\n\t\t\t\t\t\t<a href=\"https:\/\/www.dinamonetworks.com\/wp-content\/uploads\/2023\/07\/relatorio-de-compliance-2022-3.pdf\" target=\"_blank\" >\n\t\t\t\t\t\t\tInforme de cumplimiento 2022\t\t\t\t\t\t<\/a>\n\t\t\t\t\t<\/p>\n\t\t\t\t\n\t\t\t\t\n\t\t\t<\/div>\n\t\t\t\n\t\t<\/div>\n\t\t\t\t\t\t<\/div>\n\t\t\t\t<div class=\"elementor-element elementor-element-943adbd elementor-widget__width-initial elementor-widget elementor-widget-icon-box\" data-id=\"943adbd\" data-element_type=\"widget\" data-widget_type=\"icon-box.default\">\n\t\t\t\t\t\t\t<div class=\"elementor-icon-box-wrapper\">\n\n\t\t\t\n\t\t\t\t\t\t<div class=\"elementor-icon-box-content\">\n\n\t\t\t\t\t\t\t\t\t<p class=\"elementor-icon-box-title\">\n\t\t\t\t\t\t<a href=\"https:\/\/dinamo.becompliance.com\/canal-etica\/canal-denuncias\" >\n\t\t\t\t\t\t\tPresenta tu queja\t\t\t\t\t\t<\/a>\n\t\t\t\t\t<\/p>\n\t\t\t\t\n\t\t\t\t\n\t\t\t<\/div>\n\t\t\t\n\t\t<\/div>\n\t\t\t\t\t\t<\/div>\n\t\t\t\t<\/div>\n\t\t\t\t\t<\/div>\n\t\t\t\t<\/div>\n\t\t\t\t<\/div>\n\t\t","protected":false},"excerpt":{"rendered":"<p>Conformidad DUDAS SOBRE LA PROTECCI\u00d3N DE LA \u00c9TICA Y LA INTEGRIDAD Proteger la \u00e9tica y la integridad DINAMO Networks trabaja para proteger la seguridad digital, y no podr\u00eda ser de otro modo cuando se trata de la \u00e9tica y la integridad en nuestras relaciones con clientes, proveedores, empleados y terceros.As\u00ed, al igual que trabajamos con [&hellip;]<\/p>\n","protected":false},"author":1,"featured_media":0,"parent":0,"menu_order":0,"comment_status":"closed","ping_status":"closed","template":"elementor_header_footer","meta":{"footnotes":""},"class_list":["post-11565","page","type-page","status-publish","hentry"],"yoast_head":"<!-- This site is optimized with the Yoast SEO Premium plugin v24.5 (Yoast SEO v25.9) - https:\/\/yoast.com\/wordpress\/plugins\/seo\/ -->\n<title>Conformidad - DINAMO Networks - Seguran\u00e7a Digital<\/title>\n<meta name=\"robots\" content=\"index, follow, max-snippet:-1, max-image-preview:large, max-video-preview:-1\" \/>\n<link rel=\"canonical\" href=\"https:\/\/dinamonetworks.com\/es\/compliance\/\" \/>\n<meta property=\"og:locale\" content=\"es_ES\" \/>\n<meta property=\"og:type\" content=\"article\" \/>\n<meta property=\"og:title\" content=\"Conformidad\" \/>\n<meta property=\"og:description\" content=\"Conformidad DUDAS SOBRE LA PROTECCI\u00d3N DE LA \u00c9TICA Y LA INTEGRIDAD Proteger la \u00e9tica y la integridad DINAMO Networks trabaja para proteger la seguridad digital, y no podr\u00eda ser de otro modo cuando se trata de la \u00e9tica y la integridad en nuestras relaciones con clientes, proveedores, empleados y terceros.As\u00ed, al igual que trabajamos con [&hellip;]\" \/>\n<meta property=\"og:url\" content=\"https:\/\/dinamonetworks.com\/es\/compliance\/\" \/>\n<meta property=\"og:site_name\" content=\"DINAMO Networks - Seguran\u00e7a Digital\" \/>\n<meta property=\"article:publisher\" content=\"https:\/\/www.facebook.com\/dinamonetworks\/\" \/>\n<meta property=\"article:modified_time\" content=\"2025-02-14T13:58:48+00:00\" \/>\n<meta property=\"og:image\" content=\"https:\/\/i0.wp.com\/dinamonetworks.com\/wp-content\/uploads\/2025\/02\/DINAMO-Networks-Site-Image.jpg?fit=1200%2C675&ssl=1\" \/>\n\t<meta property=\"og:image:width\" content=\"1200\" \/>\n\t<meta property=\"og:image:height\" content=\"675\" \/>\n\t<meta property=\"og:image:type\" content=\"image\/jpeg\" \/>\n<meta name=\"twitter:card\" content=\"summary_large_image\" \/>\n<meta name=\"twitter:label1\" content=\"Tiempo de lectura\" \/>\n\t<meta name=\"twitter:data1\" content=\"1 minuto\" \/>\n<script type=\"application\/ld+json\" class=\"yoast-schema-graph\">{\"@context\":\"https:\/\/schema.org\",\"@graph\":[{\"@type\":\"WebPage\",\"@id\":\"https:\/\/dinamonetworks.com\/es\/compliance\/\",\"url\":\"https:\/\/dinamonetworks.com\/es\/compliance\/\",\"name\":\"Conformidad - DINAMO Networks - Seguran\u00e7a Digital\",\"isPartOf\":{\"@id\":\"https:\/\/www.dinamonetworks.com\/es\/#website\"},\"datePublished\":\"2024-08-30T13:15:35+00:00\",\"dateModified\":\"2025-02-14T13:58:48+00:00\",\"breadcrumb\":{\"@id\":\"https:\/\/dinamonetworks.com\/es\/compliance\/#breadcrumb\"},\"inLanguage\":\"es\",\"potentialAction\":[{\"@type\":\"ReadAction\",\"target\":[\"https:\/\/dinamonetworks.com\/es\/compliance\/\"]}]},{\"@type\":\"BreadcrumbList\",\"@id\":\"https:\/\/dinamonetworks.com\/es\/compliance\/#breadcrumb\",\"itemListElement\":[{\"@type\":\"ListItem\",\"position\":1,\"name\":\"Home\",\"item\":\"https:\/\/dinamonetworks.com\/es\/\"},{\"@type\":\"ListItem\",\"position\":2,\"name\":\"Conformidad\"}]},{\"@type\":\"WebSite\",\"@id\":\"https:\/\/www.dinamonetworks.com\/es\/#website\",\"url\":\"https:\/\/www.dinamonetworks.com\/es\/\",\"name\":\"DINAMO Networks - O mundo mais seguro\",\"description\":\"O mundo mais seguro.\",\"publisher\":{\"@id\":\"https:\/\/www.dinamonetworks.com\/es\/#organization\"},\"potentialAction\":[{\"@type\":\"SearchAction\",\"target\":{\"@type\":\"EntryPoint\",\"urlTemplate\":\"https:\/\/www.dinamonetworks.com\/es\/?s={search_term_string}\"},\"query-input\":{\"@type\":\"PropertyValueSpecification\",\"valueRequired\":true,\"valueName\":\"search_term_string\"}}],\"inLanguage\":\"es\"},{\"@type\":[\"Organization\",\"Place\"],\"@id\":\"https:\/\/www.dinamonetworks.com\/es\/#organization\",\"name\":\"DINAMO Networks\",\"alternateName\":\"DINAMO Networks\",\"url\":\"https:\/\/www.dinamonetworks.com\/es\/\",\"logo\":{\"@id\":\"https:\/\/dinamonetworks.com\/es\/compliance\/#local-main-organization-logo\"},\"image\":{\"@id\":\"https:\/\/dinamonetworks.com\/es\/compliance\/#local-main-organization-logo\"},\"sameAs\":[\"https:\/\/www.facebook.com\/dinamonetworks\/\",\"https:\/\/www.instagram.com\/dinamonetworks\/\",\"https:\/\/www.linkedin.com\/company\/dinamo-networks\/\"],\"description\":\"A DINAMO Networks \u00e9 l\u00edder em seguran\u00e7a de identidade digital e criptografia no Brasil, oferecendo solu\u00e7\u00f5es inovadoras e personalizadas para prote\u00e7\u00e3o de dados e transa\u00e7\u00f5es seguras. Nossos HSMs (Hardware Security Modules) e a plataforma DINAMO SuperCloud garantem a conformidade com as mais rigorosas normas de seguran\u00e7a, como LGPD e padr\u00f5es internacionais. Confie na DINAMO Networks para proteger o seu neg\u00f3cio contra amea\u00e7as cibern\u00e9ticas.\",\"legalName\":\"DINAMO Networks\",\"foundingDate\":\"2013-01-16\",\"numberOfEmployees\":{\"@type\":\"QuantitativeValue\",\"minValue\":\"11\",\"maxValue\":\"50\"},\"address\":{\"@id\":\"https:\/\/dinamonetworks.com\/es\/compliance\/#local-main-place-address\"},\"geo\":{\"@type\":\"GeoCoordinates\",\"latitude\":\"-23.623953491126013\",\"longitude\":\"-46.70325718650917\"},\"telephone\":[\"(11) 3304-3120\"],\"contactPoint\":{\"@type\":\"ContactPoint\",\"telephone\":\"(11) 3304-3120\",\"email\":\"contato@dinamonetworks.com\"},\"openingHoursSpecification\":[],\"email\":\"contato@dinamonetworks.com\",\"vatID\":\"17.423.726\/0001-30\"},{\"@type\":\"PostalAddress\",\"@id\":\"https:\/\/dinamonetworks.com\/es\/compliance\/#local-main-place-address\",\"streetAddress\":\"Av. das Na\u00e7\u00f5es Unidas, 14401 - 7\u00ba andar, Ch\u00e1cara Santo Ant\u00f4nio (Zona Sul)\",\"addressLocality\":\"S\u00e3o Paulo\",\"postalCode\":\"04730-090\",\"addressRegion\":\"SP\",\"addressCountry\":\"BR\"},{\"@type\":\"ImageObject\",\"inLanguage\":\"es\",\"@id\":\"https:\/\/dinamonetworks.com\/es\/compliance\/#local-main-organization-logo\",\"url\":\"https:\/\/i0.wp.com\/dinamonetworks.com\/wp-content\/uploads\/2025\/02\/cropped-Dinamo-Networks-Logo-site.png?fit=342%2C95&ssl=1\",\"contentUrl\":\"https:\/\/i0.wp.com\/dinamonetworks.com\/wp-content\/uploads\/2025\/02\/cropped-Dinamo-Networks-Logo-site.png?fit=342%2C95&ssl=1\",\"width\":342,\"height\":95,\"caption\":\"DINAMO Networks\"}]}<\/script>\n<meta name=\"geo.placename\" content=\"S\u00e3o Paulo\" \/>\n<meta name=\"geo.position\" content=\"-23.623953491126013;-46.70325718650917\" \/>\n<meta name=\"geo.region\" content=\"Brasil\" \/>\n<!-- \/ Yoast SEO Premium plugin. -->","yoast_head_json":{"title":"Conformidad - DINAMO Networks - Seguran\u00e7a Digital","robots":{"index":"index","follow":"follow","max-snippet":"max-snippet:-1","max-image-preview":"max-image-preview:large","max-video-preview":"max-video-preview:-1"},"canonical":"https:\/\/dinamonetworks.com\/es\/compliance\/","og_locale":"es_ES","og_type":"article","og_title":"Conformidad","og_description":"Conformidad DUDAS SOBRE LA PROTECCI\u00d3N DE LA \u00c9TICA Y LA INTEGRIDAD Proteger la \u00e9tica y la integridad DINAMO Networks trabaja para proteger la seguridad digital, y no podr\u00eda ser de otro modo cuando se trata de la \u00e9tica y la integridad en nuestras relaciones con clientes, proveedores, empleados y terceros.As\u00ed, al igual que trabajamos con [&hellip;]","og_url":"https:\/\/dinamonetworks.com\/es\/compliance\/","og_site_name":"DINAMO Networks - Seguran\u00e7a Digital","article_publisher":"https:\/\/www.facebook.com\/dinamonetworks\/","article_modified_time":"2025-02-14T13:58:48+00:00","og_image":[{"width":1200,"height":675,"url":"https:\/\/i0.wp.com\/dinamonetworks.com\/wp-content\/uploads\/2025\/02\/DINAMO-Networks-Site-Image.jpg?fit=1200%2C675&ssl=1","type":"image\/jpeg"}],"twitter_card":"summary_large_image","twitter_misc":{"Tiempo de lectura":"1 minuto"},"schema":{"@context":"https:\/\/schema.org","@graph":[{"@type":"WebPage","@id":"https:\/\/dinamonetworks.com\/es\/compliance\/","url":"https:\/\/dinamonetworks.com\/es\/compliance\/","name":"Conformidad - DINAMO Networks - Seguran\u00e7a Digital","isPartOf":{"@id":"https:\/\/www.dinamonetworks.com\/es\/#website"},"datePublished":"2024-08-30T13:15:35+00:00","dateModified":"2025-02-14T13:58:48+00:00","breadcrumb":{"@id":"https:\/\/dinamonetworks.com\/es\/compliance\/#breadcrumb"},"inLanguage":"es","potentialAction":[{"@type":"ReadAction","target":["https:\/\/dinamonetworks.com\/es\/compliance\/"]}]},{"@type":"BreadcrumbList","@id":"https:\/\/dinamonetworks.com\/es\/compliance\/#breadcrumb","itemListElement":[{"@type":"ListItem","position":1,"name":"Home","item":"https:\/\/dinamonetworks.com\/es\/"},{"@type":"ListItem","position":2,"name":"Conformidad"}]},{"@type":"WebSite","@id":"https:\/\/www.dinamonetworks.com\/es\/#website","url":"https:\/\/www.dinamonetworks.com\/es\/","name":"DINAMO Networks - O mundo mais seguro","description":"O mundo mais seguro.","publisher":{"@id":"https:\/\/www.dinamonetworks.com\/es\/#organization"},"potentialAction":[{"@type":"SearchAction","target":{"@type":"EntryPoint","urlTemplate":"https:\/\/www.dinamonetworks.com\/es\/?s={search_term_string}"},"query-input":{"@type":"PropertyValueSpecification","valueRequired":true,"valueName":"search_term_string"}}],"inLanguage":"es"},{"@type":["Organization","Place"],"@id":"https:\/\/www.dinamonetworks.com\/es\/#organization","name":"DINAMO Networks","alternateName":"DINAMO Networks","url":"https:\/\/www.dinamonetworks.com\/es\/","logo":{"@id":"https:\/\/dinamonetworks.com\/es\/compliance\/#local-main-organization-logo"},"image":{"@id":"https:\/\/dinamonetworks.com\/es\/compliance\/#local-main-organization-logo"},"sameAs":["https:\/\/www.facebook.com\/dinamonetworks\/","https:\/\/www.instagram.com\/dinamonetworks\/","https:\/\/www.linkedin.com\/company\/dinamo-networks\/"],"description":"A DINAMO Networks \u00e9 l\u00edder em seguran\u00e7a de identidade digital e criptografia no Brasil, oferecendo solu\u00e7\u00f5es inovadoras e personalizadas para prote\u00e7\u00e3o de dados e transa\u00e7\u00f5es seguras. Nossos HSMs (Hardware Security Modules) e a plataforma DINAMO SuperCloud garantem a conformidade com as mais rigorosas normas de seguran\u00e7a, como LGPD e padr\u00f5es internacionais. Confie na DINAMO Networks para proteger o seu neg\u00f3cio contra amea\u00e7as cibern\u00e9ticas.","legalName":"DINAMO Networks","foundingDate":"2013-01-16","numberOfEmployees":{"@type":"QuantitativeValue","minValue":"11","maxValue":"50"},"address":{"@id":"https:\/\/dinamonetworks.com\/es\/compliance\/#local-main-place-address"},"geo":{"@type":"GeoCoordinates","latitude":"-23.623953491126013","longitude":"-46.70325718650917"},"telephone":["(11) 3304-3120"],"contactPoint":{"@type":"ContactPoint","telephone":"(11) 3304-3120","email":"contato@dinamonetworks.com"},"openingHoursSpecification":[],"email":"contato@dinamonetworks.com","vatID":"17.423.726\/0001-30"},{"@type":"PostalAddress","@id":"https:\/\/dinamonetworks.com\/es\/compliance\/#local-main-place-address","streetAddress":"Av. das Na\u00e7\u00f5es Unidas, 14401 - 7\u00ba andar, Ch\u00e1cara Santo Ant\u00f4nio (Zona Sul)","addressLocality":"S\u00e3o Paulo","postalCode":"04730-090","addressRegion":"SP","addressCountry":"BR"},{"@type":"ImageObject","inLanguage":"es","@id":"https:\/\/dinamonetworks.com\/es\/compliance\/#local-main-organization-logo","url":"https:\/\/i0.wp.com\/dinamonetworks.com\/wp-content\/uploads\/2025\/02\/cropped-Dinamo-Networks-Logo-site.png?fit=342%2C95&ssl=1","contentUrl":"https:\/\/i0.wp.com\/dinamonetworks.com\/wp-content\/uploads\/2025\/02\/cropped-Dinamo-Networks-Logo-site.png?fit=342%2C95&ssl=1","width":342,"height":95,"caption":"DINAMO Networks"}]},"geo.placename":"S\u00e3o Paulo","geo.position":{"lat":"-23.623953491126013","long":"-46.70325718650917"},"geo.region":"Brasil"},"jetpack_sharing_enabled":true,"_links":{"self":[{"href":"https:\/\/dinamonetworks.com\/es\/wp-json\/wp\/v2\/pages\/11565","targetHints":{"allow":["GET"]}}],"collection":[{"href":"https:\/\/dinamonetworks.com\/es\/wp-json\/wp\/v2\/pages"}],"about":[{"href":"https:\/\/dinamonetworks.com\/es\/wp-json\/wp\/v2\/types\/page"}],"author":[{"embeddable":true,"href":"https:\/\/dinamonetworks.com\/es\/wp-json\/wp\/v2\/users\/1"}],"replies":[{"embeddable":true,"href":"https:\/\/dinamonetworks.com\/es\/wp-json\/wp\/v2\/comments?post=11565"}],"version-history":[{"count":1,"href":"https:\/\/dinamonetworks.com\/es\/wp-json\/wp\/v2\/pages\/11565\/revisions"}],"predecessor-version":[{"id":11568,"href":"https:\/\/dinamonetworks.com\/es\/wp-json\/wp\/v2\/pages\/11565\/revisions\/11568"}],"wp:attachment":[{"href":"https:\/\/dinamonetworks.com\/es\/wp-json\/wp\/v2\/media?parent=11565"}],"curies":[{"name":"wp","href":"https:\/\/api.w.org\/{rel}","templated":true}]}}