
{"id":11885,"date":"2024-11-11T12:07:33","date_gmt":"2024-11-11T15:07:33","guid":{"rendered":"https:\/\/www.dinamonetworks.com\/financial-statements\/"},"modified":"2025-02-25T09:37:14","modified_gmt":"2025-02-25T12:37:14","slug":"financial-statements","status":"publish","type":"page","link":"https:\/\/dinamonetworks.com\/en\/financial-statements\/","title":{"rendered":"Financial Statements"},"content":{"rendered":"\t\t<div data-elementor-type=\"wp-page\" data-elementor-id=\"11885\" class=\"elementor elementor-11885 elementor-4941\" data-elementor-post-type=\"page\">\n\t\t\t\t<div class=\"elementor-element elementor-element-83a73d1 e-flex e-con-boxed e-con e-parent\" data-id=\"83a73d1\" data-element_type=\"container\" data-settings=\"{&quot;background_background&quot;:&quot;classic&quot;}\">\n\t\t\t\t\t<div class=\"e-con-inner\">\n\t\t\t\t<div class=\"elementor-element elementor-element-ab6a060 elementor-widget elementor-widget-heading\" data-id=\"ab6a060\" data-element_type=\"widget\" data-widget_type=\"heading.default\">\n\t\t\t\t\t<h1 class=\"elementor-heading-title elementor-size-default\">Financial Statements<\/h1>\t\t\t\t<\/div>\n\t\t\t\t\t<\/div>\n\t\t\t\t<\/div>\n\t\t<div class=\"elementor-element elementor-element-5ecd687 e-flex e-con-boxed e-con e-parent\" data-id=\"5ecd687\" data-element_type=\"container\" data-settings=\"{&quot;background_background&quot;:&quot;classic&quot;}\">\n\t\t\t\t\t<div class=\"e-con-inner\">\n\t\t\t\t<div class=\"elementor-element elementor-element-d951d16 elementor-widget__width-initial elementor-widget elementor-widget-image-box\" data-id=\"d951d16\" data-element_type=\"widget\" data-widget_type=\"image-box.default\">\n\t\t\t\t\t<div class=\"elementor-image-box-wrapper\"><div class=\"elementor-image-box-content\"><h2 class=\"elementor-image-box-title\">Access the Financial Statements Below<\/h2><\/div><\/div>\t\t\t\t<\/div>\n\t\t\t\t\t<\/div>\n\t\t\t\t<\/div>\n\t\t<div class=\"elementor-element elementor-element-913cf5b e-flex e-con-boxed e-con e-parent\" data-id=\"913cf5b\" data-element_type=\"container\" data-settings=\"{&quot;background_background&quot;:&quot;classic&quot;}\">\n\t\t\t\t\t<div class=\"e-con-inner\">\n\t\t<div class=\"elementor-element elementor-element-4008825 e-con-full e-flex e-con e-child\" data-id=\"4008825\" data-element_type=\"container\">\n\t\t\t\t<div class=\"elementor-element elementor-element-f8f6bc2 elementor-widget__width-initial elementor-widget elementor-widget-icon-box\" data-id=\"f8f6bc2\" data-element_type=\"widget\" data-widget_type=\"icon-box.default\">\n\t\t\t\t\t\t\t<div class=\"elementor-icon-box-wrapper\">\n\n\t\t\t\n\t\t\t\t\t\t<div class=\"elementor-icon-box-content\">\n\n\t\t\t\t\t\t\t\t\t<p class=\"elementor-icon-box-title\">\n\t\t\t\t\t\t<a href=\"https:\/\/dinamonetworks.com\/wp-content\/uploads\/2024\/11\/demonstracao-financeira-ne_dinamo_2023-versaoimpressao.pdf\" target=\"_blank\" >\n\t\t\t\t\t\t\tBalance 2023\t\t\t\t\t\t<\/a>\n\t\t\t\t\t<\/p>\n\t\t\t\t\n\t\t\t\t\n\t\t\t<\/div>\n\t\t\t\n\t\t<\/div>\n\t\t\t\t\t\t<\/div>\n\t\t\t\t<div class=\"elementor-element elementor-element-3230d92 elementor-widget__width-initial elementor-widget elementor-widget-icon-box\" data-id=\"3230d92\" data-element_type=\"widget\" data-widget_type=\"icon-box.default\">\n\t\t\t\t\t\t\t<div class=\"elementor-icon-box-wrapper\">\n\n\t\t\t\n\t\t\t\t\t\t<div class=\"elementor-icon-box-content\">\n\n\t\t\t\t\t\t\t\t\t<p class=\"elementor-icon-box-title\">\n\t\t\t\t\t\t<a href=\"https:\/\/dinamonetworks.com\/wp-content\/uploads\/2024\/11\/balanco-dinamo-2022.pdf\" target=\"_blank\" >\n\t\t\t\t\t\t\tBalance 2022 and 2021\t\t\t\t\t\t<\/a>\n\t\t\t\t\t<\/p>\n\t\t\t\t\n\t\t\t\t\n\t\t\t<\/div>\n\t\t\t\n\t\t<\/div>\n\t\t\t\t\t\t<\/div>\n\t\t\t\t<div class=\"elementor-element elementor-element-fa3745f elementor-widget__width-initial elementor-widget elementor-widget-icon-box\" data-id=\"fa3745f\" data-element_type=\"widget\" data-widget_type=\"icon-box.default\">\n\t\t\t\t\t\t\t<div class=\"elementor-icon-box-wrapper\">\n\n\t\t\t\n\t\t\t\t\t\t<div class=\"elementor-icon-box-content\">\n\n\t\t\t\t\t\t\t\t\t<p class=\"elementor-icon-box-title\">\n\t\t\t\t\t\t<a href=\"https:\/\/d335luupugsy2.cloudfront.net\/cms%2Ffiles%2F340626%2F1658933241222ET-010-PB_Dnamo_Networks_ADC_-_IFRS_E_BRGAAP_31-12-21-VersaoImpressao.pdf\" target=\"_blank\" >\n\t\t\t\t\t\t\tAudited Version 2021\t\t\t\t\t\t<\/a>\n\t\t\t\t\t<\/p>\n\t\t\t\t\n\t\t\t\t\n\t\t\t<\/div>\n\t\t\t\n\t\t<\/div>\n\t\t\t\t\t\t<\/div>\n\t\t\t\t<\/div>\n\t\t\t\t\t<\/div>\n\t\t\t\t<\/div>\n\t\t\t\t<\/div>\n\t\t","protected":false},"excerpt":{"rendered":"<p>Financial Statements Access the Financial Statements Below Balance 2023 Balance 2022 and 2021 Audited Version 2021<\/p>\n","protected":false},"author":764,"featured_media":0,"parent":0,"menu_order":0,"comment_status":"closed","ping_status":"closed","template":"elementor_header_footer","meta":{"footnotes":""},"class_list":["post-11885","page","type-page","status-publish","hentry"],"yoast_head":"<!-- This site is optimized with the Yoast SEO Premium plugin v24.5 (Yoast SEO v25.9) - https:\/\/yoast.com\/wordpress\/plugins\/seo\/ -->\n<title>Financial Statements - DINAMO Networks - Seguran\u00e7a Digital<\/title>\n<meta name=\"robots\" content=\"index, follow, max-snippet:-1, max-image-preview:large, max-video-preview:-1\" \/>\n<link rel=\"canonical\" href=\"https:\/\/dinamonetworks.com\/en\/financial-statements\/\" \/>\n<meta property=\"og:locale\" content=\"en_US\" \/>\n<meta property=\"og:type\" content=\"article\" \/>\n<meta property=\"og:title\" content=\"Financial Statements\" \/>\n<meta property=\"og:description\" content=\"Financial Statements Access the Financial Statements Below Balance 2023 Balance 2022 and 2021 Audited Version 2021\" \/>\n<meta property=\"og:url\" content=\"https:\/\/dinamonetworks.com\/en\/financial-statements\/\" \/>\n<meta property=\"og:site_name\" content=\"DINAMO Networks - Seguran\u00e7a Digital\" \/>\n<meta property=\"article:publisher\" content=\"https:\/\/www.facebook.com\/dinamonetworks\/\" \/>\n<meta property=\"article:modified_time\" content=\"2025-02-25T12:37:14+00:00\" \/>\n<meta property=\"og:image\" content=\"https:\/\/i0.wp.com\/dinamonetworks.com\/wp-content\/uploads\/2025\/02\/DINAMO-Networks-Site-Image.jpg?fit=1200%2C675&ssl=1\" \/>\n\t<meta property=\"og:image:width\" content=\"1200\" \/>\n\t<meta property=\"og:image:height\" content=\"675\" \/>\n\t<meta property=\"og:image:type\" content=\"image\/jpeg\" \/>\n<meta name=\"twitter:card\" content=\"summary_large_image\" \/>\n<script type=\"application\/ld+json\" class=\"yoast-schema-graph\">{\"@context\":\"https:\/\/schema.org\",\"@graph\":[{\"@type\":\"WebPage\",\"@id\":\"https:\/\/dinamonetworks.com\/en\/financial-statements\/\",\"url\":\"https:\/\/dinamonetworks.com\/en\/financial-statements\/\",\"name\":\"Financial Statements - DINAMO Networks - Seguran\u00e7a Digital\",\"isPartOf\":{\"@id\":\"https:\/\/www.dinamonetworks.com\/en\/#website\"},\"datePublished\":\"2024-11-11T15:07:33+00:00\",\"dateModified\":\"2025-02-25T12:37:14+00:00\",\"breadcrumb\":{\"@id\":\"https:\/\/dinamonetworks.com\/en\/financial-statements\/#breadcrumb\"},\"inLanguage\":\"en-US\",\"potentialAction\":[{\"@type\":\"ReadAction\",\"target\":[\"https:\/\/dinamonetworks.com\/en\/financial-statements\/\"]}]},{\"@type\":\"BreadcrumbList\",\"@id\":\"https:\/\/dinamonetworks.com\/en\/financial-statements\/#breadcrumb\",\"itemListElement\":[{\"@type\":\"ListItem\",\"position\":1,\"name\":\"Home\",\"item\":\"https:\/\/dinamonetworks.com\/en\/\"},{\"@type\":\"ListItem\",\"position\":2,\"name\":\"Financial Statements\"}]},{\"@type\":\"WebSite\",\"@id\":\"https:\/\/www.dinamonetworks.com\/en\/#website\",\"url\":\"https:\/\/www.dinamonetworks.com\/en\/\",\"name\":\"DINAMO Networks - O mundo mais seguro\",\"description\":\"O mundo mais seguro.\",\"publisher\":{\"@id\":\"https:\/\/www.dinamonetworks.com\/en\/#organization\"},\"potentialAction\":[{\"@type\":\"SearchAction\",\"target\":{\"@type\":\"EntryPoint\",\"urlTemplate\":\"https:\/\/www.dinamonetworks.com\/en\/?s={search_term_string}\"},\"query-input\":{\"@type\":\"PropertyValueSpecification\",\"valueRequired\":true,\"valueName\":\"search_term_string\"}}],\"inLanguage\":\"en-US\"},{\"@type\":[\"Organization\",\"Place\"],\"@id\":\"https:\/\/www.dinamonetworks.com\/en\/#organization\",\"name\":\"DINAMO Networks\",\"alternateName\":\"DINAMO Networks\",\"url\":\"https:\/\/www.dinamonetworks.com\/en\/\",\"logo\":{\"@id\":\"https:\/\/dinamonetworks.com\/en\/financial-statements\/#local-main-organization-logo\"},\"image\":{\"@id\":\"https:\/\/dinamonetworks.com\/en\/financial-statements\/#local-main-organization-logo\"},\"sameAs\":[\"https:\/\/www.facebook.com\/dinamonetworks\/\",\"https:\/\/www.instagram.com\/dinamonetworks\/\",\"https:\/\/www.linkedin.com\/company\/dinamo-networks\/\"],\"description\":\"A DINAMO Networks \u00e9 l\u00edder em seguran\u00e7a de identidade digital e criptografia no Brasil, oferecendo solu\u00e7\u00f5es inovadoras e personalizadas para prote\u00e7\u00e3o de dados e transa\u00e7\u00f5es seguras. Nossos HSMs (Hardware Security Modules) e a plataforma DINAMO SuperCloud garantem a conformidade com as mais rigorosas normas de seguran\u00e7a, como LGPD e padr\u00f5es internacionais. Confie na DINAMO Networks para proteger o seu neg\u00f3cio contra amea\u00e7as cibern\u00e9ticas.\",\"legalName\":\"DINAMO Networks\",\"foundingDate\":\"2013-01-16\",\"numberOfEmployees\":{\"@type\":\"QuantitativeValue\",\"minValue\":\"11\",\"maxValue\":\"50\"},\"address\":{\"@id\":\"https:\/\/dinamonetworks.com\/en\/financial-statements\/#local-main-place-address\"},\"geo\":{\"@type\":\"GeoCoordinates\",\"latitude\":\"-23.623953491126013\",\"longitude\":\"-46.70325718650917\"},\"telephone\":[\"(11) 3304-3120\"],\"contactPoint\":{\"@type\":\"ContactPoint\",\"telephone\":\"(11) 3304-3120\",\"email\":\"contato@dinamonetworks.com\"},\"openingHoursSpecification\":[],\"email\":\"contato@dinamonetworks.com\",\"vatID\":\"17.423.726\/0001-30\"},{\"@type\":\"PostalAddress\",\"@id\":\"https:\/\/dinamonetworks.com\/en\/financial-statements\/#local-main-place-address\",\"streetAddress\":\"Av. das Na\u00e7\u00f5es Unidas, 14401 - 7\u00ba andar, Ch\u00e1cara Santo Ant\u00f4nio (Zona Sul)\",\"addressLocality\":\"S\u00e3o Paulo\",\"postalCode\":\"04730-090\",\"addressRegion\":\"SP\",\"addressCountry\":\"BR\"},{\"@type\":\"ImageObject\",\"inLanguage\":\"en-US\",\"@id\":\"https:\/\/dinamonetworks.com\/en\/financial-statements\/#local-main-organization-logo\",\"url\":\"https:\/\/i0.wp.com\/dinamonetworks.com\/wp-content\/uploads\/2025\/02\/cropped-Dinamo-Networks-Logo-site.png?fit=342%2C95&ssl=1\",\"contentUrl\":\"https:\/\/i0.wp.com\/dinamonetworks.com\/wp-content\/uploads\/2025\/02\/cropped-Dinamo-Networks-Logo-site.png?fit=342%2C95&ssl=1\",\"width\":342,\"height\":95,\"caption\":\"DINAMO Networks\"}]}<\/script>\n<meta name=\"geo.placename\" content=\"S\u00e3o Paulo\" \/>\n<meta name=\"geo.position\" content=\"-23.623953491126013;-46.70325718650917\" \/>\n<meta name=\"geo.region\" content=\"Brazil\" \/>\n<!-- \/ Yoast SEO Premium plugin. -->","yoast_head_json":{"title":"Financial Statements - DINAMO Networks - Seguran\u00e7a Digital","robots":{"index":"index","follow":"follow","max-snippet":"max-snippet:-1","max-image-preview":"max-image-preview:large","max-video-preview":"max-video-preview:-1"},"canonical":"https:\/\/dinamonetworks.com\/en\/financial-statements\/","og_locale":"en_US","og_type":"article","og_title":"Financial Statements","og_description":"Financial Statements Access the Financial Statements Below Balance 2023 Balance 2022 and 2021 Audited Version 2021","og_url":"https:\/\/dinamonetworks.com\/en\/financial-statements\/","og_site_name":"DINAMO Networks - Seguran\u00e7a Digital","article_publisher":"https:\/\/www.facebook.com\/dinamonetworks\/","article_modified_time":"2025-02-25T12:37:14+00:00","og_image":[{"width":1200,"height":675,"url":"https:\/\/i0.wp.com\/dinamonetworks.com\/wp-content\/uploads\/2025\/02\/DINAMO-Networks-Site-Image.jpg?fit=1200%2C675&ssl=1","type":"image\/jpeg"}],"twitter_card":"summary_large_image","schema":{"@context":"https:\/\/schema.org","@graph":[{"@type":"WebPage","@id":"https:\/\/dinamonetworks.com\/en\/financial-statements\/","url":"https:\/\/dinamonetworks.com\/en\/financial-statements\/","name":"Financial Statements - DINAMO Networks - Seguran\u00e7a Digital","isPartOf":{"@id":"https:\/\/www.dinamonetworks.com\/en\/#website"},"datePublished":"2024-11-11T15:07:33+00:00","dateModified":"2025-02-25T12:37:14+00:00","breadcrumb":{"@id":"https:\/\/dinamonetworks.com\/en\/financial-statements\/#breadcrumb"},"inLanguage":"en-US","potentialAction":[{"@type":"ReadAction","target":["https:\/\/dinamonetworks.com\/en\/financial-statements\/"]}]},{"@type":"BreadcrumbList","@id":"https:\/\/dinamonetworks.com\/en\/financial-statements\/#breadcrumb","itemListElement":[{"@type":"ListItem","position":1,"name":"Home","item":"https:\/\/dinamonetworks.com\/en\/"},{"@type":"ListItem","position":2,"name":"Financial Statements"}]},{"@type":"WebSite","@id":"https:\/\/www.dinamonetworks.com\/en\/#website","url":"https:\/\/www.dinamonetworks.com\/en\/","name":"DINAMO Networks - O mundo mais seguro","description":"O mundo mais seguro.","publisher":{"@id":"https:\/\/www.dinamonetworks.com\/en\/#organization"},"potentialAction":[{"@type":"SearchAction","target":{"@type":"EntryPoint","urlTemplate":"https:\/\/www.dinamonetworks.com\/en\/?s={search_term_string}"},"query-input":{"@type":"PropertyValueSpecification","valueRequired":true,"valueName":"search_term_string"}}],"inLanguage":"en-US"},{"@type":["Organization","Place"],"@id":"https:\/\/www.dinamonetworks.com\/en\/#organization","name":"DINAMO Networks","alternateName":"DINAMO Networks","url":"https:\/\/www.dinamonetworks.com\/en\/","logo":{"@id":"https:\/\/dinamonetworks.com\/en\/financial-statements\/#local-main-organization-logo"},"image":{"@id":"https:\/\/dinamonetworks.com\/en\/financial-statements\/#local-main-organization-logo"},"sameAs":["https:\/\/www.facebook.com\/dinamonetworks\/","https:\/\/www.instagram.com\/dinamonetworks\/","https:\/\/www.linkedin.com\/company\/dinamo-networks\/"],"description":"A DINAMO Networks \u00e9 l\u00edder em seguran\u00e7a de identidade digital e criptografia no Brasil, oferecendo solu\u00e7\u00f5es inovadoras e personalizadas para prote\u00e7\u00e3o de dados e transa\u00e7\u00f5es seguras. Nossos HSMs (Hardware Security Modules) e a plataforma DINAMO SuperCloud garantem a conformidade com as mais rigorosas normas de seguran\u00e7a, como LGPD e padr\u00f5es internacionais. Confie na DINAMO Networks para proteger o seu neg\u00f3cio contra amea\u00e7as cibern\u00e9ticas.","legalName":"DINAMO Networks","foundingDate":"2013-01-16","numberOfEmployees":{"@type":"QuantitativeValue","minValue":"11","maxValue":"50"},"address":{"@id":"https:\/\/dinamonetworks.com\/en\/financial-statements\/#local-main-place-address"},"geo":{"@type":"GeoCoordinates","latitude":"-23.623953491126013","longitude":"-46.70325718650917"},"telephone":["(11) 3304-3120"],"contactPoint":{"@type":"ContactPoint","telephone":"(11) 3304-3120","email":"contato@dinamonetworks.com"},"openingHoursSpecification":[],"email":"contato@dinamonetworks.com","vatID":"17.423.726\/0001-30"},{"@type":"PostalAddress","@id":"https:\/\/dinamonetworks.com\/en\/financial-statements\/#local-main-place-address","streetAddress":"Av. das Na\u00e7\u00f5es Unidas, 14401 - 7\u00ba andar, Ch\u00e1cara Santo Ant\u00f4nio (Zona Sul)","addressLocality":"S\u00e3o Paulo","postalCode":"04730-090","addressRegion":"SP","addressCountry":"BR"},{"@type":"ImageObject","inLanguage":"en-US","@id":"https:\/\/dinamonetworks.com\/en\/financial-statements\/#local-main-organization-logo","url":"https:\/\/i0.wp.com\/dinamonetworks.com\/wp-content\/uploads\/2025\/02\/cropped-Dinamo-Networks-Logo-site.png?fit=342%2C95&ssl=1","contentUrl":"https:\/\/i0.wp.com\/dinamonetworks.com\/wp-content\/uploads\/2025\/02\/cropped-Dinamo-Networks-Logo-site.png?fit=342%2C95&ssl=1","width":342,"height":95,"caption":"DINAMO Networks"}]},"geo.placename":"S\u00e3o Paulo","geo.position":{"lat":"-23.623953491126013","long":"-46.70325718650917"},"geo.region":"Brazil"},"jetpack_sharing_enabled":true,"_links":{"self":[{"href":"https:\/\/dinamonetworks.com\/en\/wp-json\/wp\/v2\/pages\/11885","targetHints":{"allow":["GET"]}}],"collection":[{"href":"https:\/\/dinamonetworks.com\/en\/wp-json\/wp\/v2\/pages"}],"about":[{"href":"https:\/\/dinamonetworks.com\/en\/wp-json\/wp\/v2\/types\/page"}],"author":[{"embeddable":true,"href":"https:\/\/dinamonetworks.com\/en\/wp-json\/wp\/v2\/users\/764"}],"replies":[{"embeddable":true,"href":"https:\/\/dinamonetworks.com\/en\/wp-json\/wp\/v2\/comments?post=11885"}],"version-history":[{"count":1,"href":"https:\/\/dinamonetworks.com\/en\/wp-json\/wp\/v2\/pages\/11885\/revisions"}],"predecessor-version":[{"id":11886,"href":"https:\/\/dinamonetworks.com\/en\/wp-json\/wp\/v2\/pages\/11885\/revisions\/11886"}],"wp:attachment":[{"href":"https:\/\/dinamonetworks.com\/en\/wp-json\/wp\/v2\/media?parent=11885"}],"curies":[{"name":"wp","href":"https:\/\/api.w.org\/{rel}","templated":true}]}}