
{"id":11555,"date":"2024-08-30T10:15:35","date_gmt":"2024-08-30T13:15:35","guid":{"rendered":"https:\/\/www.dinamonetworks.com\/compliance\/"},"modified":"2025-02-14T10:58:45","modified_gmt":"2025-02-14T13:58:45","slug":"compliance","status":"publish","type":"page","link":"https:\/\/dinamonetworks.com\/en\/compliance\/","title":{"rendered":"Compliance"},"content":{"rendered":"\t\t<div data-elementor-type=\"wp-page\" data-elementor-id=\"11555\" class=\"elementor elementor-11555 elementor-183\" data-elementor-post-type=\"page\">\n\t\t\t\t<div class=\"elementor-element elementor-element-83a73d1 e-flex e-con-boxed e-con e-parent\" data-id=\"83a73d1\" data-element_type=\"container\" data-settings=\"{&quot;background_background&quot;:&quot;classic&quot;}\">\n\t\t\t\t\t<div class=\"e-con-inner\">\n\t\t\t\t<div class=\"elementor-element elementor-element-ab6a060 elementor-widget elementor-widget-heading\" data-id=\"ab6a060\" data-element_type=\"widget\" data-widget_type=\"heading.default\">\n\t\t\t\t\t<h1 class=\"elementor-heading-title elementor-size-default\">Compliance<\/h1>\t\t\t\t<\/div>\n\t\t\t\t\t<\/div>\n\t\t\t\t<\/div>\n\t\t<div class=\"elementor-element elementor-element-5ecd687 e-flex e-con-boxed e-con e-parent\" data-id=\"5ecd687\" data-element_type=\"container\" data-settings=\"{&quot;background_background&quot;:&quot;classic&quot;}\">\n\t\t\t\t\t<div class=\"e-con-inner\">\n\t\t\t\t<div class=\"elementor-element elementor-element-d951d16 elementor-widget__width-initial elementor-widget elementor-widget-image-box\" data-id=\"d951d16\" data-element_type=\"widget\" data-widget_type=\"image-box.default\">\n\t\t\t\t\t<div class=\"elementor-image-box-wrapper\"><div class=\"elementor-image-box-content\"><h2 class=\"elementor-image-box-title\">DOUBTS REGARDING THE PROTECTION OF ETHICS AND INTEGRITY<\/h2><p class=\"elementor-image-box-description\">Protecting Ethics and Integrity\n<br><br>DINAMO Networks works with digital security protection, and it couldn't be any different when it comes to ethics and integrity in our relationships with customers, suppliers, employees and third parties.So, in the same way that we work with digital security and encryption in our business, we also have the same zeal for our corporate governance, working with compliance policies that guarantee the perpetuity of our integrity program.\n<br><br>We are guided by ethical and compliance principles, and any conduct that is in line with acts of corruption, violation of our policies, favoritism and other acts that are not in line with what we believe in, the protection of ethics and integrity in all our relationships, is unacceptable.\n<br><br>You can find out more about our anti-corruption policy, our code of ethics and business conduct and our whistleblowing channel on the buttons below.<\/p><\/div><\/div>\t\t\t\t<\/div>\n\t\t\t\t\t<\/div>\n\t\t\t\t<\/div>\n\t\t<div class=\"elementor-element elementor-element-913cf5b e-flex e-con-boxed e-con e-parent\" data-id=\"913cf5b\" data-element_type=\"container\" data-settings=\"{&quot;background_background&quot;:&quot;classic&quot;}\">\n\t\t\t\t\t<div class=\"e-con-inner\">\n\t\t<div class=\"elementor-element elementor-element-4008825 e-con-full e-flex e-con e-child\" data-id=\"4008825\" data-element_type=\"container\">\n\t\t\t\t<div class=\"elementor-element elementor-element-f8f6bc2 elementor-widget__width-initial elementor-widget elementor-widget-icon-box\" data-id=\"f8f6bc2\" data-element_type=\"widget\" data-widget_type=\"icon-box.default\">\n\t\t\t\t\t\t\t<div class=\"elementor-icon-box-wrapper\">\n\n\t\t\t\n\t\t\t\t\t\t<div class=\"elementor-icon-box-content\">\n\n\t\t\t\t\t\t\t\t\t<p class=\"elementor-icon-box-title\">\n\t\t\t\t\t\t<a href=\"https:\/\/d335luupugsy2.cloudfront.net\/cms%2Ffiles%2F340626%2F1651166511CDIGO_DE_TICA_DA_DINAMO_NETWORKS_.pdf\" >\n\t\t\t\t\t\t\tCode of Ethics and Business Conduct\t\t\t\t\t\t<\/a>\n\t\t\t\t\t<\/p>\n\t\t\t\t\n\t\t\t\t\n\t\t\t<\/div>\n\t\t\t\n\t\t<\/div>\n\t\t\t\t\t\t<\/div>\n\t\t\t\t<div class=\"elementor-element elementor-element-3230d92 elementor-widget__width-initial elementor-widget elementor-widget-icon-box\" data-id=\"3230d92\" data-element_type=\"widget\" data-widget_type=\"icon-box.default\">\n\t\t\t\t\t\t\t<div class=\"elementor-icon-box-wrapper\">\n\n\t\t\t\n\t\t\t\t\t\t<div class=\"elementor-icon-box-content\">\n\n\t\t\t\t\t\t\t\t\t<p class=\"elementor-icon-box-title\">\n\t\t\t\t\t\t<a href=\"https:\/\/d335luupugsy2.cloudfront.net\/cms%2Ffiles%2F340626%2F1663981772Poltica_anticorrupo_DINAMONetworks_set-2022_rev.pdf\" >\n\t\t\t\t\t\t\tAnti-corruption policy\t\t\t\t\t\t<\/a>\n\t\t\t\t\t<\/p>\n\t\t\t\t\n\t\t\t\t\n\t\t\t<\/div>\n\t\t\t\n\t\t<\/div>\n\t\t\t\t\t\t<\/div>\n\t\t\t\t<div class=\"elementor-element elementor-element-fa3745f elementor-widget__width-initial elementor-widget elementor-widget-icon-box\" data-id=\"fa3745f\" data-element_type=\"widget\" data-widget_type=\"icon-box.default\">\n\t\t\t\t\t\t\t<div class=\"elementor-icon-box-wrapper\">\n\n\t\t\t\n\t\t\t\t\t\t<div class=\"elementor-icon-box-content\">\n\n\t\t\t\t\t\t\t\t\t<p class=\"elementor-icon-box-title\">\n\t\t\t\t\t\t<a href=\"https:\/\/www.dinamonetworks.com\/wp-content\/uploads\/2022\/09\/programa-de-integridade.pdf\" target=\"_blank\" >\n\t\t\t\t\t\t\tIntegrity Program\t\t\t\t\t\t<\/a>\n\t\t\t\t\t<\/p>\n\t\t\t\t\n\t\t\t\t\n\t\t\t<\/div>\n\t\t\t\n\t\t<\/div>\n\t\t\t\t\t\t<\/div>\n\t\t\t\t<div class=\"elementor-element elementor-element-0c94e8e elementor-widget__width-initial elementor-widget elementor-widget-icon-box\" data-id=\"0c94e8e\" data-element_type=\"widget\" data-widget_type=\"icon-box.default\">\n\t\t\t\t\t\t\t<div class=\"elementor-icon-box-wrapper\">\n\n\t\t\t\n\t\t\t\t\t\t<div class=\"elementor-icon-box-content\">\n\n\t\t\t\t\t\t\t\t\t<p class=\"elementor-icon-box-title\">\n\t\t\t\t\t\t<a href=\"https:\/\/d335luupugsy2.cloudfront.net\/cms%2Ffiles%2F340626%2F1663981993POLTICA_DE_RELACIONAMENTO_COM_TERCEIROS_DINAMO_NETWORKS_REV2_09-2022.pdf\" >\n\t\t\t\t\t\t\tThird Party Relationship Policy\t\t\t\t\t\t<\/a>\n\t\t\t\t\t<\/p>\n\t\t\t\t\n\t\t\t\t\n\t\t\t<\/div>\n\t\t\t\n\t\t<\/div>\n\t\t\t\t\t\t<\/div>\n\t\t\t\t<div class=\"elementor-element elementor-element-5b33432 elementor-widget__width-initial elementor-widget elementor-widget-icon-box\" data-id=\"5b33432\" data-element_type=\"widget\" data-widget_type=\"icon-box.default\">\n\t\t\t\t\t\t\t<div class=\"elementor-icon-box-wrapper\">\n\n\t\t\t\n\t\t\t\t\t\t<div class=\"elementor-icon-box-content\">\n\n\t\t\t\t\t\t\t\t\t<p class=\"elementor-icon-box-title\">\n\t\t\t\t\t\t<a href=\"https:\/\/d335luupugsy2.cloudfront.net\/cms%2Ffiles%2F340626%2F1642164388Poltica_de_Privacidade_-_DINAMO.pdf\" >\n\t\t\t\t\t\t\tPrivacy Policy\t\t\t\t\t\t<\/a>\n\t\t\t\t\t<\/p>\n\t\t\t\t\n\t\t\t\t\n\t\t\t<\/div>\n\t\t\t\n\t\t<\/div>\n\t\t\t\t\t\t<\/div>\n\t\t\t\t<div class=\"elementor-element elementor-element-83ecaad elementor-widget__width-initial elementor-widget elementor-widget-icon-box\" data-id=\"83ecaad\" data-element_type=\"widget\" data-widget_type=\"icon-box.default\">\n\t\t\t\t\t\t\t<div class=\"elementor-icon-box-wrapper\">\n\n\t\t\t\n\t\t\t\t\t\t<div class=\"elementor-icon-box-content\">\n\n\t\t\t\t\t\t\t\t\t<p class=\"elementor-icon-box-title\">\n\t\t\t\t\t\t<a href=\"https:\/\/www.dinamonetworks.com\/wp-content\/uploads\/2023\/07\/relatorio-de-compliance-2022-3.pdf\" target=\"_blank\" >\n\t\t\t\t\t\t\tCompliance Report 2022\t\t\t\t\t\t<\/a>\n\t\t\t\t\t<\/p>\n\t\t\t\t\n\t\t\t\t\n\t\t\t<\/div>\n\t\t\t\n\t\t<\/div>\n\t\t\t\t\t\t<\/div>\n\t\t\t\t<div class=\"elementor-element elementor-element-943adbd elementor-widget__width-initial elementor-widget elementor-widget-icon-box\" data-id=\"943adbd\" data-element_type=\"widget\" data-widget_type=\"icon-box.default\">\n\t\t\t\t\t\t\t<div class=\"elementor-icon-box-wrapper\">\n\n\t\t\t\n\t\t\t\t\t\t<div class=\"elementor-icon-box-content\">\n\n\t\t\t\t\t\t\t\t\t<p class=\"elementor-icon-box-title\">\n\t\t\t\t\t\t<a href=\"https:\/\/dinamo.becompliance.com\/canal-etica\/canal-denuncias\" >\n\t\t\t\t\t\t\tMake your complaint\t\t\t\t\t\t<\/a>\n\t\t\t\t\t<\/p>\n\t\t\t\t\n\t\t\t\t\n\t\t\t<\/div>\n\t\t\t\n\t\t<\/div>\n\t\t\t\t\t\t<\/div>\n\t\t\t\t<\/div>\n\t\t\t\t\t<\/div>\n\t\t\t\t<\/div>\n\t\t\t\t<\/div>\n\t\t","protected":false},"excerpt":{"rendered":"<p>Compliance DOUBTS REGARDING THE PROTECTION OF ETHICS AND INTEGRITY Protecting Ethics and Integrity DINAMO Networks works with digital security protection, and it couldn&#8217;t be any different when it comes to ethics and integrity in our relationships with customers, suppliers, employees and third parties.So, in the same way that we work with digital security and encryption [&hellip;]<\/p>\n","protected":false},"author":1,"featured_media":0,"parent":0,"menu_order":0,"comment_status":"closed","ping_status":"closed","template":"elementor_header_footer","meta":{"footnotes":""},"class_list":["post-11555","page","type-page","status-publish","hentry"],"yoast_head":"<!-- This site is optimized with the Yoast SEO Premium plugin v24.5 (Yoast SEO v25.9) - https:\/\/yoast.com\/wordpress\/plugins\/seo\/ -->\n<title>Compliance - DINAMO Networks - Seguran\u00e7a Digital<\/title>\n<meta name=\"robots\" content=\"index, follow, max-snippet:-1, max-image-preview:large, max-video-preview:-1\" \/>\n<link rel=\"canonical\" href=\"https:\/\/dinamonetworks.com\/en\/compliance\/\" \/>\n<meta property=\"og:locale\" content=\"en_US\" \/>\n<meta property=\"og:type\" content=\"article\" \/>\n<meta property=\"og:title\" content=\"Compliance\" \/>\n<meta property=\"og:description\" content=\"Compliance DOUBTS REGARDING THE PROTECTION OF ETHICS AND INTEGRITY Protecting Ethics and Integrity DINAMO Networks works with digital security protection, and it couldn&#8217;t be any different when it comes to ethics and integrity in our relationships with customers, suppliers, employees and third parties.So, in the same way that we work with digital security and encryption [&hellip;]\" \/>\n<meta property=\"og:url\" content=\"https:\/\/dinamonetworks.com\/en\/compliance\/\" \/>\n<meta property=\"og:site_name\" content=\"DINAMO Networks - Seguran\u00e7a Digital\" \/>\n<meta property=\"article:publisher\" content=\"https:\/\/www.facebook.com\/dinamonetworks\/\" \/>\n<meta property=\"article:modified_time\" content=\"2025-02-14T13:58:45+00:00\" \/>\n<meta property=\"og:image\" content=\"https:\/\/i0.wp.com\/dinamonetworks.com\/wp-content\/uploads\/2025\/02\/DINAMO-Networks-Site-Image.jpg?fit=1200%2C675&ssl=1\" \/>\n\t<meta property=\"og:image:width\" content=\"1200\" \/>\n\t<meta property=\"og:image:height\" content=\"675\" \/>\n\t<meta property=\"og:image:type\" content=\"image\/jpeg\" \/>\n<meta name=\"twitter:card\" content=\"summary_large_image\" \/>\n<meta name=\"twitter:label1\" content=\"Est. reading time\" \/>\n\t<meta name=\"twitter:data1\" content=\"1 minute\" \/>\n<script type=\"application\/ld+json\" class=\"yoast-schema-graph\">{\"@context\":\"https:\/\/schema.org\",\"@graph\":[{\"@type\":\"WebPage\",\"@id\":\"https:\/\/dinamonetworks.com\/en\/compliance\/\",\"url\":\"https:\/\/dinamonetworks.com\/en\/compliance\/\",\"name\":\"Compliance - DINAMO Networks - Seguran\u00e7a Digital\",\"isPartOf\":{\"@id\":\"https:\/\/www.dinamonetworks.com\/en\/#website\"},\"datePublished\":\"2024-08-30T13:15:35+00:00\",\"dateModified\":\"2025-02-14T13:58:45+00:00\",\"breadcrumb\":{\"@id\":\"https:\/\/dinamonetworks.com\/en\/compliance\/#breadcrumb\"},\"inLanguage\":\"en-US\",\"potentialAction\":[{\"@type\":\"ReadAction\",\"target\":[\"https:\/\/dinamonetworks.com\/en\/compliance\/\"]}]},{\"@type\":\"BreadcrumbList\",\"@id\":\"https:\/\/dinamonetworks.com\/en\/compliance\/#breadcrumb\",\"itemListElement\":[{\"@type\":\"ListItem\",\"position\":1,\"name\":\"Home\",\"item\":\"https:\/\/dinamonetworks.com\/en\/\"},{\"@type\":\"ListItem\",\"position\":2,\"name\":\"Compliance\"}]},{\"@type\":\"WebSite\",\"@id\":\"https:\/\/www.dinamonetworks.com\/en\/#website\",\"url\":\"https:\/\/www.dinamonetworks.com\/en\/\",\"name\":\"DINAMO Networks - O mundo mais seguro\",\"description\":\"O mundo mais seguro.\",\"publisher\":{\"@id\":\"https:\/\/www.dinamonetworks.com\/en\/#organization\"},\"potentialAction\":[{\"@type\":\"SearchAction\",\"target\":{\"@type\":\"EntryPoint\",\"urlTemplate\":\"https:\/\/www.dinamonetworks.com\/en\/?s={search_term_string}\"},\"query-input\":{\"@type\":\"PropertyValueSpecification\",\"valueRequired\":true,\"valueName\":\"search_term_string\"}}],\"inLanguage\":\"en-US\"},{\"@type\":[\"Organization\",\"Place\"],\"@id\":\"https:\/\/www.dinamonetworks.com\/en\/#organization\",\"name\":\"DINAMO Networks\",\"alternateName\":\"DINAMO Networks\",\"url\":\"https:\/\/www.dinamonetworks.com\/en\/\",\"logo\":{\"@id\":\"https:\/\/dinamonetworks.com\/en\/compliance\/#local-main-organization-logo\"},\"image\":{\"@id\":\"https:\/\/dinamonetworks.com\/en\/compliance\/#local-main-organization-logo\"},\"sameAs\":[\"https:\/\/www.facebook.com\/dinamonetworks\/\",\"https:\/\/www.instagram.com\/dinamonetworks\/\",\"https:\/\/www.linkedin.com\/company\/dinamo-networks\/\"],\"description\":\"A DINAMO Networks \u00e9 l\u00edder em seguran\u00e7a de identidade digital e criptografia no Brasil, oferecendo solu\u00e7\u00f5es inovadoras e personalizadas para prote\u00e7\u00e3o de dados e transa\u00e7\u00f5es seguras. Nossos HSMs (Hardware Security Modules) e a plataforma DINAMO SuperCloud garantem a conformidade com as mais rigorosas normas de seguran\u00e7a, como LGPD e padr\u00f5es internacionais. Confie na DINAMO Networks para proteger o seu neg\u00f3cio contra amea\u00e7as cibern\u00e9ticas.\",\"legalName\":\"DINAMO Networks\",\"foundingDate\":\"2013-01-16\",\"numberOfEmployees\":{\"@type\":\"QuantitativeValue\",\"minValue\":\"11\",\"maxValue\":\"50\"},\"address\":{\"@id\":\"https:\/\/dinamonetworks.com\/en\/compliance\/#local-main-place-address\"},\"geo\":{\"@type\":\"GeoCoordinates\",\"latitude\":\"-23.623953491126013\",\"longitude\":\"-46.70325718650917\"},\"telephone\":[\"(11) 3304-3120\"],\"contactPoint\":{\"@type\":\"ContactPoint\",\"telephone\":\"(11) 3304-3120\",\"email\":\"contato@dinamonetworks.com\"},\"openingHoursSpecification\":[],\"email\":\"contato@dinamonetworks.com\",\"vatID\":\"17.423.726\/0001-30\"},{\"@type\":\"PostalAddress\",\"@id\":\"https:\/\/dinamonetworks.com\/en\/compliance\/#local-main-place-address\",\"streetAddress\":\"Av. das Na\u00e7\u00f5es Unidas, 14401 - 7\u00ba andar, Ch\u00e1cara Santo Ant\u00f4nio (Zona Sul)\",\"addressLocality\":\"S\u00e3o Paulo\",\"postalCode\":\"04730-090\",\"addressRegion\":\"SP\",\"addressCountry\":\"BR\"},{\"@type\":\"ImageObject\",\"inLanguage\":\"en-US\",\"@id\":\"https:\/\/dinamonetworks.com\/en\/compliance\/#local-main-organization-logo\",\"url\":\"https:\/\/i0.wp.com\/dinamonetworks.com\/wp-content\/uploads\/2025\/02\/cropped-Dinamo-Networks-Logo-site.png?fit=342%2C95&ssl=1\",\"contentUrl\":\"https:\/\/i0.wp.com\/dinamonetworks.com\/wp-content\/uploads\/2025\/02\/cropped-Dinamo-Networks-Logo-site.png?fit=342%2C95&ssl=1\",\"width\":342,\"height\":95,\"caption\":\"DINAMO Networks\"}]}<\/script>\n<meta name=\"geo.placename\" content=\"S\u00e3o Paulo\" \/>\n<meta name=\"geo.position\" content=\"-23.623953491126013;-46.70325718650917\" \/>\n<meta name=\"geo.region\" content=\"Brazil\" \/>\n<!-- \/ Yoast SEO Premium plugin. -->","yoast_head_json":{"title":"Compliance - DINAMO Networks - Seguran\u00e7a Digital","robots":{"index":"index","follow":"follow","max-snippet":"max-snippet:-1","max-image-preview":"max-image-preview:large","max-video-preview":"max-video-preview:-1"},"canonical":"https:\/\/dinamonetworks.com\/en\/compliance\/","og_locale":"en_US","og_type":"article","og_title":"Compliance","og_description":"Compliance DOUBTS REGARDING THE PROTECTION OF ETHICS AND INTEGRITY Protecting Ethics and Integrity DINAMO Networks works with digital security protection, and it couldn&#8217;t be any different when it comes to ethics and integrity in our relationships with customers, suppliers, employees and third parties.So, in the same way that we work with digital security and encryption [&hellip;]","og_url":"https:\/\/dinamonetworks.com\/en\/compliance\/","og_site_name":"DINAMO Networks - Seguran\u00e7a Digital","article_publisher":"https:\/\/www.facebook.com\/dinamonetworks\/","article_modified_time":"2025-02-14T13:58:45+00:00","og_image":[{"width":1200,"height":675,"url":"https:\/\/i0.wp.com\/dinamonetworks.com\/wp-content\/uploads\/2025\/02\/DINAMO-Networks-Site-Image.jpg?fit=1200%2C675&ssl=1","type":"image\/jpeg"}],"twitter_card":"summary_large_image","twitter_misc":{"Est. reading time":"1 minute"},"schema":{"@context":"https:\/\/schema.org","@graph":[{"@type":"WebPage","@id":"https:\/\/dinamonetworks.com\/en\/compliance\/","url":"https:\/\/dinamonetworks.com\/en\/compliance\/","name":"Compliance - DINAMO Networks - Seguran\u00e7a Digital","isPartOf":{"@id":"https:\/\/www.dinamonetworks.com\/en\/#website"},"datePublished":"2024-08-30T13:15:35+00:00","dateModified":"2025-02-14T13:58:45+00:00","breadcrumb":{"@id":"https:\/\/dinamonetworks.com\/en\/compliance\/#breadcrumb"},"inLanguage":"en-US","potentialAction":[{"@type":"ReadAction","target":["https:\/\/dinamonetworks.com\/en\/compliance\/"]}]},{"@type":"BreadcrumbList","@id":"https:\/\/dinamonetworks.com\/en\/compliance\/#breadcrumb","itemListElement":[{"@type":"ListItem","position":1,"name":"Home","item":"https:\/\/dinamonetworks.com\/en\/"},{"@type":"ListItem","position":2,"name":"Compliance"}]},{"@type":"WebSite","@id":"https:\/\/www.dinamonetworks.com\/en\/#website","url":"https:\/\/www.dinamonetworks.com\/en\/","name":"DINAMO Networks - O mundo mais seguro","description":"O mundo mais seguro.","publisher":{"@id":"https:\/\/www.dinamonetworks.com\/en\/#organization"},"potentialAction":[{"@type":"SearchAction","target":{"@type":"EntryPoint","urlTemplate":"https:\/\/www.dinamonetworks.com\/en\/?s={search_term_string}"},"query-input":{"@type":"PropertyValueSpecification","valueRequired":true,"valueName":"search_term_string"}}],"inLanguage":"en-US"},{"@type":["Organization","Place"],"@id":"https:\/\/www.dinamonetworks.com\/en\/#organization","name":"DINAMO Networks","alternateName":"DINAMO Networks","url":"https:\/\/www.dinamonetworks.com\/en\/","logo":{"@id":"https:\/\/dinamonetworks.com\/en\/compliance\/#local-main-organization-logo"},"image":{"@id":"https:\/\/dinamonetworks.com\/en\/compliance\/#local-main-organization-logo"},"sameAs":["https:\/\/www.facebook.com\/dinamonetworks\/","https:\/\/www.instagram.com\/dinamonetworks\/","https:\/\/www.linkedin.com\/company\/dinamo-networks\/"],"description":"A DINAMO Networks \u00e9 l\u00edder em seguran\u00e7a de identidade digital e criptografia no Brasil, oferecendo solu\u00e7\u00f5es inovadoras e personalizadas para prote\u00e7\u00e3o de dados e transa\u00e7\u00f5es seguras. Nossos HSMs (Hardware Security Modules) e a plataforma DINAMO SuperCloud garantem a conformidade com as mais rigorosas normas de seguran\u00e7a, como LGPD e padr\u00f5es internacionais. Confie na DINAMO Networks para proteger o seu neg\u00f3cio contra amea\u00e7as cibern\u00e9ticas.","legalName":"DINAMO Networks","foundingDate":"2013-01-16","numberOfEmployees":{"@type":"QuantitativeValue","minValue":"11","maxValue":"50"},"address":{"@id":"https:\/\/dinamonetworks.com\/en\/compliance\/#local-main-place-address"},"geo":{"@type":"GeoCoordinates","latitude":"-23.623953491126013","longitude":"-46.70325718650917"},"telephone":["(11) 3304-3120"],"contactPoint":{"@type":"ContactPoint","telephone":"(11) 3304-3120","email":"contato@dinamonetworks.com"},"openingHoursSpecification":[],"email":"contato@dinamonetworks.com","vatID":"17.423.726\/0001-30"},{"@type":"PostalAddress","@id":"https:\/\/dinamonetworks.com\/en\/compliance\/#local-main-place-address","streetAddress":"Av. das Na\u00e7\u00f5es Unidas, 14401 - 7\u00ba andar, Ch\u00e1cara Santo Ant\u00f4nio (Zona Sul)","addressLocality":"S\u00e3o Paulo","postalCode":"04730-090","addressRegion":"SP","addressCountry":"BR"},{"@type":"ImageObject","inLanguage":"en-US","@id":"https:\/\/dinamonetworks.com\/en\/compliance\/#local-main-organization-logo","url":"https:\/\/i0.wp.com\/dinamonetworks.com\/wp-content\/uploads\/2025\/02\/cropped-Dinamo-Networks-Logo-site.png?fit=342%2C95&ssl=1","contentUrl":"https:\/\/i0.wp.com\/dinamonetworks.com\/wp-content\/uploads\/2025\/02\/cropped-Dinamo-Networks-Logo-site.png?fit=342%2C95&ssl=1","width":342,"height":95,"caption":"DINAMO Networks"}]},"geo.placename":"S\u00e3o Paulo","geo.position":{"lat":"-23.623953491126013","long":"-46.70325718650917"},"geo.region":"Brazil"},"jetpack_sharing_enabled":true,"_links":{"self":[{"href":"https:\/\/dinamonetworks.com\/en\/wp-json\/wp\/v2\/pages\/11555","targetHints":{"allow":["GET"]}}],"collection":[{"href":"https:\/\/dinamonetworks.com\/en\/wp-json\/wp\/v2\/pages"}],"about":[{"href":"https:\/\/dinamonetworks.com\/en\/wp-json\/wp\/v2\/types\/page"}],"author":[{"embeddable":true,"href":"https:\/\/dinamonetworks.com\/en\/wp-json\/wp\/v2\/users\/1"}],"replies":[{"embeddable":true,"href":"https:\/\/dinamonetworks.com\/en\/wp-json\/wp\/v2\/comments?post=11555"}],"version-history":[{"count":1,"href":"https:\/\/dinamonetworks.com\/en\/wp-json\/wp\/v2\/pages\/11555\/revisions"}],"predecessor-version":[{"id":11557,"href":"https:\/\/dinamonetworks.com\/en\/wp-json\/wp\/v2\/pages\/11555\/revisions\/11557"}],"wp:attachment":[{"href":"https:\/\/dinamonetworks.com\/en\/wp-json\/wp\/v2\/media?parent=11555"}],"curies":[{"name":"wp","href":"https:\/\/api.w.org\/{rel}","templated":true}]}}